{"id":12589,"date":"2021-12-04T14:58:42","date_gmt":"2021-12-04T13:58:42","guid":{"rendered":"https:\/\/reservation.inextremis-aventura.fr\/?post_type=product&#038;p=12589"},"modified":"2025-02-25T23:35:47","modified_gmt":"2025-02-25T22:35:47","slug":"cap-de-setmana-barranquisme-a-catalunya","status":"publish","type":"product","link":"https:\/\/reservation.inextremis-aventura.fr\/ca\/activitats\/cap-de-setmana-barranquisme-a-catalunya\/","title":{"rendered":"Cap de Setmana barranquisme a Catalunya &#8211; Fancia-Espanya"},"content":{"rendered":"<p>Barranquisme sense fronteres a les dues Catalunya de Fran\u00e7a i Espanya durant un cap de setmana d&#8217;aventura a Llech a Estoher al Conflent i a Sadernes a Sant Anoil d&#8217;Aguja a l&#8217;Alta Garrotxa.<\/p>\n","protected":false},"excerpt":{"rendered":"<p>Descobreix el Barranquisme a la Catalunya francesa i espanyola, durant dos dies a les Gorges del Llech a Fran\u00e7a i Sant Aniol d&#8217;Aguja a Espanya. Qu\u00e8 millor que descobrir el barranquisme practicant-lo durant dos dies complets als barrancs m\u00e9s grans del Pa\u00eds Catal\u00e0 (Le Llech i Sant Aniol d\u2019Aguja).<\/p>\n","protected":false},"featured_media":8381,"comment_status":"open","ping_status":"closed","template":"","meta":{"_acf_changed":false,"_seopress_robots_primary_cat":"none","_seopress_titles_title":"%%post_title%%","_seopress_titles_desc":"%%post_excerpt%%","_seopress_robots_index":"","site-sidebar-layout":"no-sidebar","site-content-layout":"default","ast-site-content-layout":"default","site-content-style":"default","site-sidebar-style":"default","ast-global-header-display":"","ast-banner-title-visibility":"","ast-main-header-display":"","ast-hfb-above-header-display":"","ast-hfb-below-header-display":"","ast-hfb-mobile-header-display":"","site-post-title":"disabled","ast-breadcrumbs-content":"","ast-featured-img":"disabled","footer-sml-layout":"","ast-disable-related-posts":"","theme-transparent-header-meta":"default","adv-header-id-meta":"","stick-header-meta":"default","header-above-stick-meta":"","header-main-stick-meta":"","header-below-stick-meta":"","astra-migrate-meta-layouts":"set","ast-page-background-enabled":"default","ast-page-background-meta":{"desktop":{"background-color":"var(--ast-global-color-4)","background-image":"","background-repeat":"repeat","background-position":"center center","background-size":"auto","background-attachment":"scroll","background-type":"","background-media":"","overlay-type":"","overlay-color":"","overlay-opacity":"","overlay-gradient":""},"tablet":{"background-color":"","background-image":"","background-repeat":"repeat","background-position":"center center","background-size":"auto","background-attachment":"scroll","background-type":"","background-media":"","overlay-type":"","overlay-color":"","overlay-opacity":"","overlay-gradient":""},"mobile":{"background-color":"","background-image":"","background-repeat":"repeat","background-position":"center center","background-size":"auto","background-attachment":"scroll","background-type":"","background-media":"","overlay-type":"","overlay-color":"","overlay-opacity":"","overlay-gradient":""}},"ast-content-background-meta":{"desktop":{"background-color":"var(--ast-global-color-5)","background-image":"","background-repeat":"repeat","background-position":"center center","background-size":"auto","background-attachment":"scroll","background-type":"","background-media":"","overlay-type":"","overlay-color":"","overlay-opacity":"","overlay-gradient":""},"tablet":{"background-color":"var(--ast-global-color-5)","background-image":"","background-repeat":"repeat","background-position":"center center","background-size":"auto","background-attachment":"scroll","background-type":"","background-media":"","overlay-type":"","overlay-color":"","overlay-opacity":"","overlay-gradient":""},"mobile":{"background-color":"var(--ast-global-color-5)","background-image":"","background-repeat":"repeat","background-position":"center center","background-size":"auto","background-attachment":"scroll","background-type":"","background-media":"","overlay-type":"","overlay-color":"","overlay-opacity":"","overlay-gradient":""}},"_glsr_average":5,"_glsr_ranking":3.636363636363599827205916881212033331394195556640625,"_glsr_reviews":1},"product_brand":[235],"product_cat":[46,140],"product_tag":[],"class_list":{"0":"post-12589","1":"product","2":"type-product","3":"status-publish","4":"has-post-thumbnail","6":"product_brand-inextremis-aventura-ca","7":"product_cat-barranquisme","8":"product_cat-cap-de-setmana","9":"desktop-align-center","10":"tablet-align-left","11":"mobile-align-left","12":"ast-product-gallery-layout-horizontal","13":"ast-magnify-disabled","15":"first","16":"instock","17":"virtual","18":"purchasable","19":"product-type-simple"},"acf":{"short_description_en_h2":"<h2>Descobreix el Barranquisme a la Catalunya francesa i espanyola, durant dos dies a les Gorges del Llech a Fran\u00e7a i Sant Aniol d'Aguja a Espanya.<\/h2>\r\nQu\u00e8 millor que descobrir el barranquisme practicant-lo durant dos dies complets als barrancs m\u00e9s grans del Pa\u00eds Catal\u00e0 (Le Llech i Sant Aniol d\u2019Aguja).","description_de_la_sortie":"<h3>Al programa 2 dies in situ 2 grans canyons del Pa\u00eds Catal\u00e0...<\/h3>\r\nAquests descensos us permetran descobrir el funcionament de les cordes en aig\u00fces turbulentes de l'aigua amb \u201cgas\u201d i les t\u00e8cniques de lliscament sobre tobogans\u2026 les Gorges calc\u00e0ries de Sant Aniol d'Aguja s\u00f3n els perfectes representants d'una naturalesa est\u00e8tica i salvatge. Les Gorges du Llech s\u00f3n una joia de les muntanyes pirinenques. Una aut\u00e8ntica Aquacity natural, \u00e9s un dels canyons m\u00e9s divertits i aqu\u00e0tics de totes dues Catalunya. El seu cabal constantment elevat el fa apte per a barrancs esportius de nivell III. Nota: La pr\u00e0ctica del barranc requereix un nivell m\u00ednim de forma f\u00edsica i esportiva. Aquesta activitat, com tots els esports a l'aire lliure, est\u00e0 subjecta a l'abs\u00e8ncia de contraindicacions m\u00e8diques.","materiel_fourni_pour_votre_descente":"<h3>Equip proporcionat per al teu descens<\/h3>\r\nVestit de barranc refor\u00e7at Arn\u00e9s amb doble corda i descens Casc Sabates (de 36 a 47) Bossa de transport d'equips Contenidor impermeable","affaires_personnelles_a_prevoir":"<h3>Articles personals per portar<\/h3>\r\nVestit de bany Mitjons necessaris 1 parell de sabates esportives si talla &lt; 36 o &gt; 47 El\u00e0stic de cabell per a nenes Ampolla d'aigua","le_plus_d\u2019inextremis_aventura":"<h3>El + d'Inextremis Aventura<\/h3>\r\nSupervisi\u00f3 d'un monitor de barranquisme titulat per l'estat franc\u00e8s amb m\u00e9s de 40 anys d'experi\u00e8ncia professional, sent un dels pioners del barranquisme al PO. S'organitza un servei de transport amb minib\u00fas. Subministrament gratu\u00eft d'una c\u00e0mera impermeable per a tot el grup (segons disponibilitat) \u2013 Recuperaci\u00f3 de fotos gratu\u00efta per descarregar.","video":"","niveau":"<div class=\"wpcbm-badge wpcbm-badge-10039 wpcbm-pid-684 wpcbm-badge-style-04 wpcbm-badge-group-0 hint--top\" aria-label=\"\">\r\n<div class=\"wpcbm-badge-inner\"><strong>Nivell molt esportiu - 14 ans<\/strong><\/div>\r\n<\/div>\r\n<div class=\"wpcbm-badge wpcbm-badge-10064 wpcbm-pid-657 wpcbm-badge-style-04 wpcbm-badge-group-0 hint--bottom\" aria-label=\"\">\r\n<div class=\"wpcbm-badge-inner\"><strong>Abril-Octubre<\/strong><\/div>\r\n<\/div>","topographie":"<table>\r\n<tbody>\r\n<tr>\r\n<td valign=\"top\" width=\"50%\"><strong>Nom: Canyon du Llech<\/strong>\r\n<strong>Municipi: Estoher<\/strong>\r\n<strong>Departament: Pyr\u00e9n\u00e9es-Orientales<\/strong>\r\n<strong>Regi\u00f3: Occit\u00e0nia \u2013 Pyr\u00e9n\u00e9es M\u00e9diterran\u00e9es<\/strong>\r\n<strong>5 <strong>Aproximaci\u00f3 a Fran\u00e7a<\/strong>\r\n<strong>3 <strong>Aproximaci\u00f3<\/strong> il<\/strong>\r\n<strong>Tobogan de 3 m<\/strong>\r\n<strong>Tobogan de 3 m<\/strong>\r\n<strong>Tobogan de 5 m<\/strong>\r\n<strong>Tobogan de r\u00e0pel de 16 m<\/strong>\r\n<strong>Salt de 7 o 9 m<\/strong>\r\n<strong>Tobogan de 5 m<\/strong>\r\n<strong>Descens de 3 m<\/strong>\r\n<strong>Tobogan de 2 m<\/strong>\r\n<strong>Caminar 100 m<\/strong>\r\n<strong>2 m de descens<\/strong>\r\n<strong>100 m de nataci\u00f3 i caminada<\/strong>\r\n<strong>3 m de baixada<\/strong>\r\n<strong>2 m de tobogan<\/strong>\r\n<strong>5 m de salt<\/strong>\r\n<strong>4 m de salt<\/strong>\r\n<strong>3 m de tobogan<\/strong>\r\n<strong>3 m de tobogan o 5 m de tobogan<\/strong>\r\n<strong> 5 m de salt<\/strong>\r\n<strong> 1 m de salt<\/strong>\r\n<strong> R\u00e0pel de 5 m<\/strong>\r\n<strong>Tobogan de 6 m<\/strong>\r\n<strong>Tobogan de 7 m<\/strong>\r\n<strong>Salt de 3 m<\/strong>\r\n<strong>Descens entre 2h30 i 3h00 segons els grups<\/strong>\r\n<strong>0H40 caminada a la sortida de la vehicle<\/strong><\/strong><\/td>\r\n<td valign=\"top\" width=\"50%\"><strong>Nom: Sant Aniol d'Aguja<\/strong>\r\n<strong>Municipi: Sadernes<\/strong>\r\n<strong>Departament: Alta-Garrotxa<\/strong>\r\n<strong>Regi\u00f3: Catalunya<\/strong> <strong>Pa\u00eds: Espanya<\/strong>\r\n<strong>r\u00e0pel de 6m\r\nRecordatori de 3 m\r\nsalt de 5 m\r\nsalt de 3 m\r\nsalt de 4 m\r\nsalt de 2 m\r\nTobogan de 5 m\r\nsalt de 8 m\r\nr\u00e0pel de 45 m\r\nCurs del riu 100m\r\nSalt de 7 m\r\nr\u00e0pel de 15 m\r\n3m salt 30m r\u00e0pel\r\nr\u00e0pel de 5m\r\nCurso fluvial 200 m\r\nSalt de 7 o 12 m\r\nTots els obstacles es poden saltar o superar mitjan\u00e7ant r\u00e0pel.\r\nDurada total de l'activitat 8h00\r\nBaixada al can\u00f3 entre les 4:00h i les 5:00h segons el grup\r\n02H00 caminant fins a la sortida del vehicle<\/strong><\/td>\r\n<\/tr>\r\n<\/tbody>\r\n<\/table>","tarifs_de_la_sortie":"<h3>Preus cap de setmana<\/h3>\r\nActivitats: 160\u20ac\/persona Activitats","infos_dates":"<h3>Altres dates<\/h3>\r\nVols una data diferent a les que es mostren per al teu viatge de barranquisme? Podem configurar una sortida a simple petici\u00f3. Les sortides estan garantides a partir de 4 persones, si no s'arriba al nombre m\u00ednim intentem col\u00b7locar-te amb un company on et reemborsarem l'import total que has pagat en fer la reserva.","image_seule":"","selectionner":"<span style=\"color: #ff0000;\"><strong>Seleccioneu el nombre total de seients a dalt.<\/strong><\/span>","contact":"<a href=\"https:\/\/reservation.inextremis-aventura.fr\/nous-contacter\/\"><strong><img class=\"alignnone wp-image-8222\" src=\"http:\/\/www.inextremis-aventura.fr\/wp-content\/uploads\/2022\/12\/icone-mail.png\" alt=\"info@inextremis-aventura.com\" width=\"38\" height=\"25\" \/> Contacta amb no-altres !<\/strong><\/a>","tel":"<strong><img class=\"alignnone wp-image-8218\" src=\"http:\/\/www.inextremis-aventura.fr\/wp-content\/uploads\/2022\/12\/icone-tel.png\" alt=\"+33980850565\" width=\"25\" height=\"25\" \/>+33 980 850 565<\/strong>","portable":"<strong><img class=\"alignnone wp-image-8218\" src=\"http:\/\/www.inextremis-aventura.fr\/wp-content\/uploads\/2022\/12\/icone-tel.png\" alt=\"+33980850565\" width=\"25\" height=\"25\" \/>+33 629 564 036<\/strong>","situation":"<strong><a href=\"https:\/\/goo.gl\/maps\/sMFNHoxDRmRGMJAB9\" target=\"_blank\" rel=\"noopener\"><img class=\"alignnone wp-image-8229\" title=\"Locaux Inextremis Aventura\" src=\"http:\/\/www.inextremis-aventura.fr\/wp-content\/uploads\/2022\/12\/icone-place.png\" alt=\"Locaux Inextremis Aventura\" width=\"22\" height=\"25\" \/> Situaci\u00f3<\/a><\/strong>","image_topo":"","google_maps":{"address":"Ceret","lat":42.4859519999999974970705807209014892578125,"lng":2.74882600000000021367441149777732789516448974609375,"zoom":14,"place_id":"ChIJKcug0lmguhIRHL54GCNqy1E","city":"C\u00e9ret","state":"Occitanie","post_code":66400,"country":"France","country_short":"FR"},"informations_touristiques":"","informations_touristiques_2":"","ouverture-fermeture":"","champs":"<strong>Les dates en negreta s\u00f3n publicacions programades.\r\nDates ratllades o versions completes que no es poden fer clic.<\/strong>","lieu_de_rdv":"<h3>Lloc de trobada :<\/h3>","shema_evenement":"","tagmanager":"<!-- Google Tag Manager (noscript) --> <noscript><iframe src=\"https:\/\/www.googletagmanager.com\/ns.html?id=GTM-TXK7HFQX\" height=\"0\" width=\"0\" style=\"display:none;visibility:hidden\"><\/iframe><\/noscript> <!-- End Google Tag Manager (noscript) -->","bouton":""},"_links":{"self":[{"href":"https:\/\/reservation.inextremis-aventura.fr\/ca\/wp-json\/wp\/v2\/product\/12589","targetHints":{"allow":["GET"]}}],"collection":[{"href":"https:\/\/reservation.inextremis-aventura.fr\/ca\/wp-json\/wp\/v2\/product"}],"about":[{"href":"https:\/\/reservation.inextremis-aventura.fr\/ca\/wp-json\/wp\/v2\/types\/product"}],"replies":[{"embeddable":true,"href":"https:\/\/reservation.inextremis-aventura.fr\/ca\/wp-json\/wp\/v2\/comments?post=12589"}],"wp:featuredmedia":[{"embeddable":true,"href":"https:\/\/reservation.inextremis-aventura.fr\/ca\/wp-json\/wp\/v2\/media\/8381"}],"wp:attachment":[{"href":"https:\/\/reservation.inextremis-aventura.fr\/ca\/wp-json\/wp\/v2\/media?parent=12589"}],"wp:term":[{"taxonomy":"product_brand","embeddable":true,"href":"https:\/\/reservation.inextremis-aventura.fr\/ca\/wp-json\/wp\/v2\/product_brand?post=12589"},{"taxonomy":"product_cat","embeddable":true,"href":"https:\/\/reservation.inextremis-aventura.fr\/ca\/wp-json\/wp\/v2\/product_cat?post=12589"},{"taxonomy":"product_tag","embeddable":true,"href":"https:\/\/reservation.inextremis-aventura.fr\/ca\/wp-json\/wp\/v2\/product_tag?post=12589"}],"curies":[{"name":"wp","href":"https:\/\/api.w.org\/{rel}","templated":true}]}}