{"id":13701,"date":"2021-12-05T13:19:00","date_gmt":"2021-12-05T12:19:00","guid":{"rendered":"https:\/\/reservation.inextremis-aventura.fr\/activites\/duo-barranquisme-pirineus-orientals\/"},"modified":"2025-03-07T13:27:01","modified_gmt":"2025-03-07T12:27:01","slug":"duo-barranquisme-pirineus-orientals","status":"publish","type":"product","link":"https:\/\/reservation.inextremis-aventura.fr\/ca\/activitats\/duo-barranquisme-pirineus-orientals\/","title":{"rendered":"Duo Barranquisme &#8211; Pirineus Orientals"},"content":{"rendered":"<p><strong>Una jornada de barranquisme al Vallespir als Pirineus Orientals amb 2 barrancs a la zona de C\u00e9ret al programa.<\/strong><\/p>\n","protected":false},"excerpt":{"rendered":"<p>Qu\u00e8 millor que descobrir el barranquisme practicant-lo durant un dia sencer a les Gorges du Vallespir, a nom\u00e9s 30 minuts de Perpiny\u00e0 i de les platges d&#8217;Argel\u00e8s sur Mer i Cotlliure.<\/p>\n","protected":false},"featured_media":12822,"comment_status":"open","ping_status":"closed","template":"","meta":{"_acf_changed":false,"_seopress_robots_primary_cat":"none","_seopress_titles_title":"Duo Barranquisme - Pirineus Orientals","_seopress_titles_desc":"Practica dos descensos de canyons de mig dia als Pirineus Orientals el mateix dia.","_seopress_robots_index":"","site-sidebar-layout":"no-sidebar","site-content-layout":"page-builder","ast-site-content-layout":"full-width-container","site-content-style":"unboxed","site-sidebar-style":"unboxed","ast-global-header-display":"","ast-banner-title-visibility":"","ast-main-header-display":"","ast-hfb-above-header-display":"","ast-hfb-below-header-display":"","ast-hfb-mobile-header-display":"","site-post-title":"disabled","ast-breadcrumbs-content":"","ast-featured-img":"disabled","footer-sml-layout":"","ast-disable-related-posts":"","theme-transparent-header-meta":"default","adv-header-id-meta":"","stick-header-meta":"default","header-above-stick-meta":"","header-main-stick-meta":"","header-below-stick-meta":"","astra-migrate-meta-layouts":"set","ast-page-background-enabled":"default","ast-page-background-meta":{"desktop":{"background-color":"var(--ast-global-color-4)","background-image":"","background-repeat":"repeat","background-position":"center center","background-size":"auto","background-attachment":"scroll","background-type":"","background-media":"","overlay-type":"","overlay-color":"","overlay-opacity":"","overlay-gradient":""},"tablet":{"background-color":"","background-image":"","background-repeat":"repeat","background-position":"center center","background-size":"auto","background-attachment":"scroll","background-type":"","background-media":"","overlay-type":"","overlay-color":"","overlay-opacity":"","overlay-gradient":""},"mobile":{"background-color":"","background-image":"","background-repeat":"repeat","background-position":"center center","background-size":"auto","background-attachment":"scroll","background-type":"","background-media":"","overlay-type":"","overlay-color":"","overlay-opacity":"","overlay-gradient":""}},"ast-content-background-meta":{"desktop":{"background-color":"var(--ast-global-color-5)","background-image":"","background-repeat":"repeat","background-position":"center center","background-size":"auto","background-attachment":"scroll","background-type":"","background-media":"","overlay-type":"","overlay-color":"","overlay-opacity":"","overlay-gradient":""},"tablet":{"background-color":"var(--ast-global-color-5)","background-image":"","background-repeat":"repeat","background-position":"center center","background-size":"auto","background-attachment":"scroll","background-type":"","background-media":"","overlay-type":"","overlay-color":"","overlay-opacity":"","overlay-gradient":""},"mobile":{"background-color":"var(--ast-global-color-5)","background-image":"","background-repeat":"repeat","background-position":"center center","background-size":"auto","background-attachment":"scroll","background-type":"","background-media":"","overlay-type":"","overlay-color":"","overlay-opacity":"","overlay-gradient":""}},"_glsr_average":0,"_glsr_ranking":0,"_glsr_reviews":0},"product_brand":[235],"product_cat":[46,58],"product_tag":[],"class_list":{"0":"post-13701","1":"product","2":"type-product","3":"status-publish","4":"has-post-thumbnail","6":"product_brand-inextremis-aventura-ca","7":"product_cat-barranquisme","8":"product_cat-esportiu","9":"desktop-align-center","10":"tablet-align-left","11":"mobile-align-left","12":"ast-product-gallery-layout-horizontal","13":"ast-product-gallery-with-no-image","14":"ast-magnify-disabled","16":"first","17":"instock","18":"virtual","19":"sold-individually","20":"purchasable","21":"product-type-booking"},"acf":{"short_description_en_h2":"<h2>[wpcode id=\"12596\"]<\/h2>","description_de_la_sortie":"<h2>Descripci\u00f3 de les sortides<\/h2>\r\n<b>Al programa, una introducci\u00f3 al maneig de la corda i al tumult de l'aigua a les Gorges du Gourg des Anelles i al Mas Calsan (part alta) Els Pirineus catalans francesos estan plens de cursos d'aigua que, al llarg dels segles, han tallat estrets congostos als massissos ortogneiss del Vallespir, formant aix\u00ed magn\u00edfics recorreguts d'aventura, incloent salts d'aigua, tobogans, tobogans.<\/b>\r\n\r\nJean VILALLONGUE Moniteur Canyon (Brevet\u00e9 d\u2019\u00e9tat fran\u00e7ais), vous propose de d\u00e9couvrir ce paradis naturel qu\u2019il parcourt depuis plus de 42 ans, en adaptant au maximum l\u2019environnement \u00e0 vos capacit\u00e9s tant techniques que physiques. Il vous offre pour cela durant cette journ\u00e9e eaux vives une pr\u00e9formation aux techniques de manipulations de cordes, et un enseignement de la conduite motrice \u00e0 adopter dans ces hauts lieux du Canyoning.\r\n\r\n<em>Nota: La pr\u00e0ctica del barranquisme requereix un nivell m\u00ednim de condici\u00f3 f\u00edsica i esportiva. Aquesta activitat, com tots els esports a l'aire lliure, est\u00e0 subjecta a l'abs\u00e8ncia de contraindicacions m\u00e8diques.<\/em>.","materiel_fourni_pour_votre_descente":"<h3>Equipament proporcionat per al vostre descens<\/h3>\r\nN\u00e9opren de baranc renfor\u00e7at\r\nArn\u00e8s amb doble cordons i descensor\r\nCasc\r\nSabates (del 36 al 47)\r\nSac de portage","affaires_personnelles_a_prevoir":"<h3>Assumptes personals per planificar<\/h3>\r\nShort de banys\r\nMitjes obligatori\r\n1 parell de sabates esportives si \u00e9s de talla &lt; 36 o &gt; 47\r\nEl\u00e0stic de cabell per a nenes\r\nBotella d\u2019aigua","le_plus_d\u2019inextremis_aventura":"<h3>El + d\u2019Inextremis Aventura<\/h3>\r\nSupervisi\u00f3 d'un instructor de barrancs qualificat franc\u00e8s amb m\u00e9s de 30 anys d'experi\u00e8ncia professional sent un dels pioners del barranquisme a dels Pirineus Orientales i de Catalunya.\r\nS'organitza una llan\u00e7adora de minib\u00fas entre la part inferior i la part superior del can\u00f3, estalviant-vos la pujada molt pronunciada i dif\u00edcil de tornar al Barranc amb els vostres vehicles.\r\nSubministrament gratu\u00eft d'una c\u00e0mera impermeable per a tot el grup (segons disponibilitat) \u2013 Recuperaci\u00f3 gratu\u00efta de fotos per descarregar.","video":"","niveau":"<div class=\"wpcbm-badge wpcbm-badge-10027 wpcbm-pid-696 wpcbm-badge-style-04 wpcbm-badge-group-0 hint--top\" aria-label=\"\">\r\n<div class=\"wpcbm-badge-inner\"><strong>Nivell esportif - 14 anys<\/strong><\/div>\r\n<\/div>\r\n<div class=\"wpcbm-badge wpcbm-badge-10067 wpcbm-pid-696 wpcbm-badge-style-04 wpcbm-badge-group-0 hint--bottom\" aria-label=\"\">\r\n<div class=\"wpcbm-badge-inner\"><strong>Abril\/Juny<\/strong><\/div>\r\n<\/div>","topographie":"","tarifs_de_la_sortie":"<h3>Preus del paquet (allotjament i restauraci\u00f3 no inclosos)<\/h3>\r\nTarifa adults d'1 a 4 persones: 100\u20ac\/persona\r\nTarifa adults de 5 a 7 persones: 95\u20ac\/persona\r\nTarifa adults de 8 a 10 persones: 90\u20ac\/persona\r\nTarifa Adoslescent(s) de 12 \u00e0 14 anys : 90 \u20ac\/pers","infos_dates":"<h3>Altres dates :<\/h3>\r\nVols una data diferent a les que es mostren per al teu viatge de barranquisme?\r\nPodem organitzar la sortida a simple sol\u00b7licitud.\r\nLes sortides estan garantides a partir de 4 persones, si no s'arriba al nombre m\u00ednim intentarem col\u00b7locar-te amb un company on et reemborsarem l'import total que has pagat en reservar.","image_seule":"","selectionner":"<span style=\"color: #ff0000;\"><strong>S\u00e9lectionner le nombre de place(s) total ci-dessus.<\/strong><\/span>","contact":"<a href=\"https:\/\/reservation.inextremis-aventura.fr\/nous-contacter\/\"><strong><img class=\"alignnone wp-image-8222\" src=\"https:\/\/www.inextremis-aventura.fr\/wp-content\/uploads\/2022\/12\/icone-mail.png\" alt=\"info@inextremis-aventura.com\" width=\"38\" height=\"25\" \/> Contact amb no-altres !<\/strong><\/a>","tel":"<strong><img class=\"alignnone wp-image-8218\" src=\"https:\/\/www.inextremis-aventura.fr\/wp-content\/uploads\/2022\/12\/icone-tel.png\" alt=\"+33980850565\" width=\"25\" height=\"25\" \/>09 80 85 05 65<\/strong>","portable":"<strong><img class=\"alignnone wp-image-8218\" src=\"https:\/\/www.inextremis-aventura.fr\/wp-content\/uploads\/2022\/12\/icone-tel.png\" alt=\"+33980850565\" width=\"25\" height=\"25\" \/>06 29 56 40 36<\/strong>","situation":"<strong><a href=\"https:\/\/goo.gl\/maps\/sMFNHoxDRmRGMJAB9\" target=\"_blank\" rel=\"noopener\"><img class=\"alignnone wp-image-8229\" title=\"Situaci\u00f3 &lt;br&gt;\" src=\"https:\/\/www.inextremis-aventura.fr\/wp-content\/uploads\/2022\/12\/icone-place.png\" alt=\"Situaci\u00f3 &lt;br&gt;\" width=\"22\" height=\"25\" \/> Situaci\u00f3\r\n<\/a><\/strong>","image_topo":"","google_maps":{"address":"lidl reyn\u00e8s","lat":42.49459999999999837427822058089077472686767578125,"lng":2.72529999999999983373299983213655650615692138671875,"zoom":14,"place_id":"ChIJ5TDqVumguhIRGZnIC35XMSw","street_name":"La Cabanasse","city":"Reynes","state":"Occitanie","post_code":66400,"country":"France","country_short":"FR"},"informations_touristiques":"Informations touristiques","informations_touristiques_2":"","ouverture-fermeture":"","champs":"<strong>Les dates en negreta s\u00f3n publicacions programades.\r\nDates ratllades o versions completes que no es poden fer clic.<\/strong>","lieu_de_rdv":"<h3>Lloc de trobada :<\/h3>","shema_evenement":"","tagmanager":"<!-- Google Tag Manager (noscript) --> <noscript><iframe src=\"https:\/\/www.googletagmanager.com\/ns.html?id=GTM-TXK7HFQX\" height=\"0\" width=\"0\" style=\"display:none;visibility:hidden\"><\/iframe><\/noscript> <!-- End Google Tag Manager (noscript) -->","bouton":""},"_links":{"self":[{"href":"https:\/\/reservation.inextremis-aventura.fr\/ca\/wp-json\/wp\/v2\/product\/13701","targetHints":{"allow":["GET"]}}],"collection":[{"href":"https:\/\/reservation.inextremis-aventura.fr\/ca\/wp-json\/wp\/v2\/product"}],"about":[{"href":"https:\/\/reservation.inextremis-aventura.fr\/ca\/wp-json\/wp\/v2\/types\/product"}],"replies":[{"embeddable":true,"href":"https:\/\/reservation.inextremis-aventura.fr\/ca\/wp-json\/wp\/v2\/comments?post=13701"}],"wp:featuredmedia":[{"embeddable":true,"href":"https:\/\/reservation.inextremis-aventura.fr\/ca\/wp-json\/wp\/v2\/media\/12822"}],"wp:attachment":[{"href":"https:\/\/reservation.inextremis-aventura.fr\/ca\/wp-json\/wp\/v2\/media?parent=13701"}],"wp:term":[{"taxonomy":"product_brand","embeddable":true,"href":"https:\/\/reservation.inextremis-aventura.fr\/ca\/wp-json\/wp\/v2\/product_brand?post=13701"},{"taxonomy":"product_cat","embeddable":true,"href":"https:\/\/reservation.inextremis-aventura.fr\/ca\/wp-json\/wp\/v2\/product_cat?post=13701"},{"taxonomy":"product_tag","embeddable":true,"href":"https:\/\/reservation.inextremis-aventura.fr\/ca\/wp-json\/wp\/v2\/product_tag?post=13701"}],"curies":[{"name":"wp","href":"https:\/\/api.w.org\/{rel}","templated":true}]}}