{"id":14591,"date":"2025-07-22T17:34:44","date_gmt":"2025-07-22T15:34:44","guid":{"rendered":"https:\/\/reservation.inextremis-aventura.fr\/?post_type=product&#038;p=14591"},"modified":"2025-07-23T11:10:40","modified_gmt":"2025-07-23T09:10:40","slug":"barranquisme-gorg-de-les-anelles-ceret-pirineus-orientals","status":"publish","type":"product","link":"https:\/\/reservation.inextremis-aventura.fr\/ca\/activitats\/barranquisme-gorg-de-les-anelles-ceret-pirineus-orientals\/","title":{"rendered":"Barranquisme Gorg de les Anelles &#8211; Ceret &#8211; Pirineus Orientals"},"content":{"rendered":"<p>Barranquisme al Barranc del Gorg de les Anelles a C\u00e9ret als Pirineus Orientals 66 en companyia d\u2019un monitor professional amb titulaci\u00f3 francesa de barranquisme. El barranc m\u00e9s prop de les platges de la costa catalana\u2026<\/p>\n","protected":false},"excerpt":{"rendered":"<p>Barranquisme al Barranc del Gorg de les Anelles a C\u00e9ret als Pirineus Orientals 66 en companyia d&#8217;un monitor professional amb titulaci\u00f3 francesa de barranquisme. El barranc m\u00e9s prop de les platges de la costa catalana&#8230;<\/p>\n","protected":false},"featured_media":730,"comment_status":"open","ping_status":"closed","template":"","meta":{"_acf_changed":false,"_seopress_robots_primary_cat":"none","_seopress_titles_title":"","_seopress_titles_desc":"","_seopress_robots_index":"","site-sidebar-layout":"no-sidebar","site-content-layout":"plain-container","ast-site-content-layout":"normal-width-container","site-content-style":"unboxed","site-sidebar-style":"unboxed","ast-global-header-display":"","ast-banner-title-visibility":"","ast-main-header-display":"","ast-hfb-above-header-display":"","ast-hfb-below-header-display":"","ast-hfb-mobile-header-display":"","site-post-title":"disabled","ast-breadcrumbs-content":"","ast-featured-img":"disabled","footer-sml-layout":"","ast-disable-related-posts":"","theme-transparent-header-meta":"default","adv-header-id-meta":"","stick-header-meta":"default","header-above-stick-meta":"","header-main-stick-meta":"","header-below-stick-meta":"","astra-migrate-meta-layouts":"set","ast-page-background-enabled":"default","ast-page-background-meta":{"desktop":{"background-color":"var(--ast-global-color-4)","background-image":"","background-repeat":"repeat","background-position":"center center","background-size":"auto","background-attachment":"scroll","background-type":"","background-media":"","overlay-type":"","overlay-color":"","overlay-opacity":"","overlay-gradient":""},"tablet":{"background-color":"","background-image":"","background-repeat":"repeat","background-position":"center center","background-size":"auto","background-attachment":"scroll","background-type":"","background-media":"","overlay-type":"","overlay-color":"","overlay-opacity":"","overlay-gradient":""},"mobile":{"background-color":"","background-image":"","background-repeat":"repeat","background-position":"center center","background-size":"auto","background-attachment":"scroll","background-type":"","background-media":"","overlay-type":"","overlay-color":"","overlay-opacity":"","overlay-gradient":""}},"ast-content-background-meta":{"desktop":{"background-color":"var(--ast-global-color-5)","background-image":"","background-repeat":"repeat","background-position":"center center","background-size":"auto","background-attachment":"scroll","background-type":"","background-media":"","overlay-type":"","overlay-color":"","overlay-opacity":"","overlay-gradient":""},"tablet":{"background-color":"var(--ast-global-color-5)","background-image":"","background-repeat":"repeat","background-position":"center center","background-size":"auto","background-attachment":"scroll","background-type":"","background-media":"","overlay-type":"","overlay-color":"","overlay-opacity":"","overlay-gradient":""},"mobile":{"background-color":"var(--ast-global-color-5)","background-image":"","background-repeat":"repeat","background-position":"center center","background-size":"auto","background-attachment":"scroll","background-type":"","background-media":"","overlay-type":"","overlay-color":"","overlay-opacity":"","overlay-gradient":""}},"_glsr_average":5,"_glsr_ranking":4.21052631578950009583195424056611955165863037109375,"_glsr_reviews":9},"product_brand":[235],"product_cat":[46,56],"product_tag":[151,62,170,165,114],"class_list":{"0":"post-14591","1":"product","2":"type-product","3":"status-publish","4":"has-post-thumbnail","6":"product_brand-inextremis-aventura-ca","7":"product_cat-barranquisme","8":"product_cat-intermedi","9":"product_tag-anelles-ca","10":"product_tag-ceret-ca","11":"product_tag-iniciacio-esportiva","12":"product_tag-mig-dia","13":"product_tag-pirineus-orientals","14":"desktop-align-center","15":"tablet-align-left","16":"mobile-align-left","17":"ast-product-gallery-layout-horizontal","18":"ast-magnify-disabled","20":"first","21":"instock","22":"virtual","23":"product-type-simple"},"acf":{"short_description_en_h2":"<h2>[wpcode id=\"12596\"]<\/h2>","description_de_la_sortie":"<h3>Descripci\u00f3 de la sortida<\/h3>\r\nBaixada del barranc en onades bombolladores i tobogans lluents de les Anelles situat al mass\u00eds de les Alb\u00e8res prop de Ceret, als Pirineus Orientals (66), no lluny d\u2019Argel\u00e8s sur Mer i de les estacions marines, al buit, aterrar en conques d\u2019aigua. El barranc de les Anelles \u00e9s un barranc d\u2019iniciaci\u00f3 esportiva intermedi que compta amb salts que varien entre 4 i 7 metres, tobogans i dos cacades d\u2019aigua en r\u00e0pel de 26 i 16 metres, i molts altres obstacles per superar. Inextremis Aventura us ofereix un passaport per a l\u2019\u00e8xit esportiu\u2026\r\nAquest indret alt de barranquisme, situat al Vallespir de C\u00e9ret, us permetr\u00e0 donar els vostres primers passos en aquesta activitat, per introduir-vos en les t\u00e8cniques de r\u00e0pel i salt en aig\u00fces braves\u2026\r\nOrganitzem a partir d\u2019abril la baixada d\u2019aquest barranc per als practicants m\u00e9s experimentats, que amb el seu cabal d\u2019aigua molt m\u00e9s gran que a l\u2019estiu, fa que aquest cany\u00f3 sigui molt m\u00e9s t\u00e8cnic i esportiu.\r\nAquest barranc \u00e9s el m\u00e9s proper al mar i a Perpiny\u00e0 (30 km), a nom\u00e9s 30 minuts d\u2019Argel\u00e8s sur Mer i a 40 minuts de Canet en Rossell\u00f3, Barcar\u00e8s, Cotlliure i 60 minuts de la Costa Brava\u2026 .","materiel_fourni_pour_votre_descente":"<h3>Equipament a la teva disposici\u00f3 per al teu descens<\/h3>\r\nVestit de canyon refor\u00e7at\r\nArn\u00e8s amb doble corda i descensor\r\nCasc\r\nSabates (del 36 al 47)","affaires_personnelles_a_prevoir":"<h3>Assumptes personals a planificar<\/h3>\r\nVestit de bany\r\nEs requereixen mitjons\r\n1 parell de sabates esportives si talla &lt; 36 o &gt; 47\r\nEl\u00e0stic de cabell per a nenes\r\nAmpolla d'aigua","le_plus_d\u2019inextremis_aventura":"<h3>El + d\u2019Inextremis Aventura<\/h3>\r\nSupervisi\u00f3 d\u2019un instructor de barrancs qualificat franc\u00e8s amb m\u00e9s de 30 anys d\u2019experi\u00e8ncia professional sent un dels pioners del barranquisme a les OP.\r\nS\u2019organitza un transport en minib\u00fas entre la part inferior i la part superior del barranc evitant l\u2019ascensi\u00f3 del can\u00f3 molt pronunciada i dolorosa per als seus vehicles.\r\nSubministrament d\u2019una c\u00e0mera impermeable gratu\u00efta per a tot el grup (segons disponibilitat) \u2013 Recuperaci\u00f3 gratu\u00efta de fotografies per descarregar.\r\n<strong>Guia infantil del pa\u00eds parlant catal\u00e0 flu\u00eft<\/strong>","video":"https:\/\/youtu.be\/VEw9YyvAgLs?si=2UaDmZTSur4-vGE8","niveau":"","topographie":"<h3>Topografia Barranc Gorg de les Anelles<\/h3>\r\n<strong>Durada total de l\u2019activitat 4h00\r\nBaixada al can\u00f3 entre 2h00 i 2h30 segons els grups\r\n0h15 caminada d\u2019aproximaci\u00f3\r\nR\u00e0pel en cascada de 26 m\r\nNedar 30 m\r\nR\u00e0pel en cascada de 3 m\r\nNedar 10 m\r\nCurs del riu 100 m\r\nTobogan 3 m\r\nTobogan 4 m\r\nEscalada 15 m\r\nSalt 4 m\r\nTobogan 7 m\r\nNedar 25 m\r\nR\u00e0pel en cascada de 2 m\r\nTobogan 5 m\r\nNedar 5 m\r\nTobogan 4 m\r\nNedar 25 m\r\nSalt 7 m\r\nCurs del riu 50 m\r\nSalt 4 m\r\nR\u00e0pel en cascada de 16 m\r\nCurs del riu 150 m\r\npas subterrani (bypass)\r\n0H20 caminant des de la sortida fins al vehicle\r\ntots els obstacles es poden evitar o creuar amb r\u00e0pel.<\/strong>","tarifs_de_la_sortie":"<h3>Preus de la sortida<\/h3>\r\n<ul>\r\n \t<li><strong> Tarifa adults d\u20191 a 4 persones : 60 \u20ac \/ pers <\/strong><\/li>\r\n \t<li><strong> Tarifa adults de 5 a 7 persones : 57 \u20ac \/ pers <\/strong><\/li>\r\n \t<li><strong> Tarifa adults de 8 a 10 persones : 54 \u20ac \/ pers <\/strong><\/li>\r\n \t<li><strong> Tarifa adolescent de 12 a 14 anys: 54 \u20ac\/pers <\/strong><\/li>\r\n<\/ul>","infos_dates":"<strong>Voleu una data diferent a les que es mostren per la teva sortida de barranquisme ? Podem fet una sortida a petici\u00f3.<\/strong>","image_seule":"[caption id=\"attachment_5391\" align=\"alignnone\" width=\"1000\"]<img class=\"size-full wp-image-5391\" src=\"http:\/\/www.inextremis-aventura.fr\/wp-content\/uploads\/2017\/01\/canyon-gourg-des-anelles-saut-1.jpg\" alt=\"Topografia Barranc Gorg de les Anelles - Ceret - Pirineus Orientals - 66\" width=\"1000\" height=\"750\" \/> Topografia Barranc Gorg de les Anelles - Ceret - Pirineus Orientals - 66[\/caption]","selectionner":"<span style=\"color: #ff0000;\"><strong>Seleccioneu el nombre total de personnes a dalt per tenir les places.<\/strong><\/span>","contact":"<a href=\"https:\/\/reservation.inextremis-aventura.fr\/nous-contacter\/\"><strong><img class=\"alignnone wp-image-8222\" src=\"http:\/\/www.inextremis-aventura.fr\/wp-content\/uploads\/2022\/12\/icone-mail.png\" alt=\"info@inextremis-aventura.com\" width=\"38\" height=\"25\" \/> Contact !<\/strong><\/a>","tel":"<strong><img class=\"alignnone wp-image-8218\" src=\"http:\/\/www.inextremis-aventura.fr\/wp-content\/uploads\/2022\/12\/icone-tel.png\" alt=\"+33980850565\" width=\"25\" height=\"25\" \/>+33 9 80 85 05 65<\/strong>","portable":"<strong><img class=\"alignnone wp-image-8218\" src=\"http:\/\/www.inextremis-aventura.fr\/wp-content\/uploads\/2022\/12\/icone-tel.png\" alt=\"+33629564036\" width=\"25\" height=\"25\" \/>+ 33 629 564 036<\/strong>","situation":"<strong><a href=\"https:\/\/goo.gl\/maps\/sMFNHoxDRmRGMJAB9\" target=\"_blank\" rel=\"noopener\"><img class=\"alignnone wp-image-8229\" title=\"Locaux Inextremis Aventura\" src=\"http:\/\/www.inextremis-aventura.fr\/wp-content\/uploads\/2022\/12\/icone-place.png\" alt=\"Locaux Inextremis Aventura\" width=\"22\" height=\"25\" \/> Situation<\/a><\/strong>","image_topo":"[caption id=\"attachment_4107\" align=\"aligncenter\" width=\"1024\"]<a href=\"http:\/\/www.inextremis-aventura.fr\/wp-content\/uploads\/1638\/36\/canyon-gorg-de-les-anelles-scaled.jpg\" target=\"_blank\" rel=\"noopener\"><img class=\"wp-image-4107 size-large\" title=\"Topografia Barranc Gourg des Anelles - Ceret - Pirineus Orientals - 66\" src=\"http:\/\/www.inextremis-aventura.fr\/wp-content\/uploads\/1638\/36\/canyon-gorg-de-les-anelles-1024x411.jpg\" alt=\"Topografia Barranc Gourg des Anelles - Ceret - Pirineus Orientals - 66\" width=\"1024\" height=\"411\" \/><\/a> Topografia Barranc Gourg des Anelles - Ceret - Pirineus Orientals - 66[\/caption]","google_maps":{"address":"115 La Cabanasse, 66400 Reynes, France","lat":42.495025204633833482148475013673305511474609375,"lng":2.7250612833976628479604187305085361003875732421875,"zoom":18,"place_id":"ChIJN70v2-2guhIRXzs6DAsdlFU","street_number":115,"street_name":"La Cabanasse","city":"Reynes","state":"Occitanie","post_code":66400,"country":"France","country_short":"FR"},"informations_touristiques":"","informations_touristiques_2":"","ouverture-fermeture":"","champs":"<strong>Dates en negreta llan\u00e7aments programats.\r\nDates ratllades o sortides completes que no es poden fer clic.","lieu_de_rdv":"<h3>Lloc de trobada :<\/h3>","shema_evenement":"","tagmanager":"<!-- Google Tag Manager (noscript) --> <noscript><iframe src=\"https:\/\/www.googletagmanager.com\/ns.html?id=GTM-TXK7HFQX\" height=\"0\" width=\"0\" style=\"display:none;visibility:hidden\"><\/iframe><\/noscript> <!-- End Google Tag Manager (noscript) -->","bouton":""},"_links":{"self":[{"href":"https:\/\/reservation.inextremis-aventura.fr\/ca\/wp-json\/wp\/v2\/product\/14591","targetHints":{"allow":["GET"]}}],"collection":[{"href":"https:\/\/reservation.inextremis-aventura.fr\/ca\/wp-json\/wp\/v2\/product"}],"about":[{"href":"https:\/\/reservation.inextremis-aventura.fr\/ca\/wp-json\/wp\/v2\/types\/product"}],"replies":[{"embeddable":true,"href":"https:\/\/reservation.inextremis-aventura.fr\/ca\/wp-json\/wp\/v2\/comments?post=14591"}],"wp:featuredmedia":[{"embeddable":true,"href":"https:\/\/reservation.inextremis-aventura.fr\/ca\/wp-json\/wp\/v2\/media\/730"}],"wp:attachment":[{"href":"https:\/\/reservation.inextremis-aventura.fr\/ca\/wp-json\/wp\/v2\/media?parent=14591"}],"wp:term":[{"taxonomy":"product_brand","embeddable":true,"href":"https:\/\/reservation.inextremis-aventura.fr\/ca\/wp-json\/wp\/v2\/product_brand?post=14591"},{"taxonomy":"product_cat","embeddable":true,"href":"https:\/\/reservation.inextremis-aventura.fr\/ca\/wp-json\/wp\/v2\/product_cat?post=14591"},{"taxonomy":"product_tag","embeddable":true,"href":"https:\/\/reservation.inextremis-aventura.fr\/ca\/wp-json\/wp\/v2\/product_tag?post=14591"}],"curies":[{"name":"wp","href":"https:\/\/api.w.org\/{rel}","templated":true}]}}