{"id":6584,"date":"2022-01-11T16:00:50","date_gmt":"2022-01-11T15:00:50","guid":{"rendered":"https:\/\/reservation.inextremis-aventura.fr\/?post_type=product&#038;p=6584"},"modified":"2025-07-06T23:41:23","modified_gmt":"2025-07-06T21:41:23","slug":"cheque-cadeau-canyon-eau-chaude-de-thues-entre-valls","status":"publish","type":"product","link":"https:\/\/reservation.inextremis-aventura.fr\/ca\/activitats\/cheque-cadeau-canyon-eau-chaude-de-thues-entre-valls\/","title":{"rendered":"Carte Cadeau Canyon d\u2019eau chaude de Thu\u00e8s Entre Valls"},"content":{"rendered":"<p>Vous pouvez faire plaisir \u00e0 un de vos proches, pour son anniversaire, pour No\u00ebl, ou en toutes autres occasions, en lui offrant une carte cadeau canyoning. Elle lui permettra de faire un choix de la sortie canyon qu\u2019il d\u00e9sire r\u00e9aliser. Le montant de la carte cadeau sera d\u00e9duit du co\u00fbt total au moment de la r\u00e9servation gr\u00e2ce au num\u00e9ro de carte qui figurera sur la carte.<\/p>\n","protected":false},"excerpt":{"rendered":"<p>Offrez une carte cadeau pour le Canyon d\u2019eau chaude thermale de Thu\u00e8s les Bains dans les Pyr\u00e9n\u00e9es Orientales. Encadrement moniteur canyon professionnel dipl\u00f4m\u00e9 d\u2019\u00e9tat Fran\u00e7ais canyonisme..<\/p>\n","protected":false},"featured_media":8389,"comment_status":"open","ping_status":"closed","template":"","meta":{"_acf_changed":false,"_seopress_robots_primary_cat":"none","_seopress_titles_title":"Carte Cadeau Canyon d\u2019eau chaude de Thu\u00e8s Entre Valls","_seopress_titles_desc":"Offrez un carte cadeau pour le Canyon d\u2019eau chaude thermale de Thu\u00e8s les Bains dans les Pyr\u00e9n\u00e9es Orientales.","_seopress_robots_index":"","site-sidebar-layout":"no-sidebar","site-content-layout":"plain-container","ast-site-content-layout":"normal-width-container","site-content-style":"unboxed","site-sidebar-style":"unboxed","ast-global-header-display":"","ast-banner-title-visibility":"","ast-main-header-display":"","ast-hfb-above-header-display":"","ast-hfb-below-header-display":"","ast-hfb-mobile-header-display":"","site-post-title":"","ast-breadcrumbs-content":"","ast-featured-img":"","footer-sml-layout":"","ast-disable-related-posts":"","theme-transparent-header-meta":"default","adv-header-id-meta":"","stick-header-meta":"default","header-above-stick-meta":"","header-main-stick-meta":"","header-below-stick-meta":"","astra-migrate-meta-layouts":"set","ast-page-background-enabled":"default","ast-page-background-meta":{"desktop":{"background-color":"var(--ast-global-color-4)","background-image":"","background-repeat":"repeat","background-position":"center center","background-size":"auto","background-attachment":"scroll","background-type":"","background-media":"","overlay-type":"","overlay-color":"","overlay-opacity":"","overlay-gradient":""},"tablet":{"background-color":"","background-image":"","background-repeat":"repeat","background-position":"center center","background-size":"auto","background-attachment":"scroll","background-type":"","background-media":"","overlay-type":"","overlay-color":"","overlay-opacity":"","overlay-gradient":""},"mobile":{"background-color":"","background-image":"","background-repeat":"repeat","background-position":"center center","background-size":"auto","background-attachment":"scroll","background-type":"","background-media":"","overlay-type":"","overlay-color":"","overlay-opacity":"","overlay-gradient":""}},"ast-content-background-meta":{"desktop":{"background-color":"var(--ast-global-color-5)","background-image":"","background-repeat":"repeat","background-position":"center center","background-size":"auto","background-attachment":"scroll","background-type":"","background-media":"","overlay-type":"","overlay-color":"","overlay-opacity":"","overlay-gradient":""},"tablet":{"background-color":"var(--ast-global-color-5)","background-image":"","background-repeat":"repeat","background-position":"center center","background-size":"auto","background-attachment":"scroll","background-type":"","background-media":"","overlay-type":"","overlay-color":"","overlay-opacity":"","overlay-gradient":""},"mobile":{"background-color":"var(--ast-global-color-5)","background-image":"","background-repeat":"repeat","background-position":"center center","background-size":"auto","background-attachment":"scroll","background-type":"","background-media":"","overlay-type":"","overlay-color":"","overlay-opacity":"","overlay-gradient":""}},"_glsr_average":5,"_glsr_ranking":3.636363636363599827205916881212033331394195556640625,"_glsr_reviews":1},"product_brand":[195],"product_cat":[103,20],"product_tag":[163,155,33],"class_list":{"0":"post-6584","1":"product","2":"type-product","3":"status-publish","4":"has-post-thumbnail","6":"product_brand-inextremis-aventura","7":"product_cat-bon-cadeau","8":"product_cat-canyoning","9":"product_tag-demi-journee","10":"product_tag-eau-chaude","11":"product_tag-thues-entre-valls","12":"desktop-align-center","13":"tablet-align-left","14":"mobile-align-left","15":"ast-product-gallery-layout-horizontal","16":"ast-product-gallery-with-no-image","17":"ast-magnify-disabled","19":"first","20":"outofstock","21":"virtual","22":"purchasable","23":"product-type-simple"},"acf":{"short_description_en_h2":"<h2>[wpcode id=\"12596\"]<\/h2>","description_de_la_sortie":"","materiel_fourni_pour_votre_descente":"","affaires_personnelles_a_prevoir":"","le_plus_d\u2019inextremis_aventura":"","video":"","niveau":"","topographie":"","tarifs_de_la_sortie":"","infos_dates":"","image_seule":"","selectionner":"","contact":"<a href=\"https:\/\/reservation.inextremis-aventura.fr\/nous-contacter\/\"><strong><img class=\"alignnone wp-image-8222\" src=\"https:\/\/www.inextremis-aventura.fr\/wp-content\/uploads\/2022\/12\/icone-mail.png\" alt=\"info@inextremis-aventura.com\" width=\"38\" height=\"25\" \/> Contact !<\/strong><\/a>","tel":"<strong><img class=\"alignnone wp-image-8218\" src=\"https:\/\/www.inextremis-aventura.fr\/wp-content\/uploads\/2022\/12\/icone-tel.png\" alt=\"+33980850565\" width=\"25\" height=\"25\" \/>09 80 85 05 65<\/strong>","portable":"<strong><img class=\"alignnone wp-image-8218\" src=\"https:\/\/www.inextremis-aventura.fr\/wp-content\/uploads\/2022\/12\/icone-tel.png\" alt=\"+33980850565\" width=\"25\" height=\"25\" \/>06 29 56 40 36<\/strong>","situation":"<strong><a href=\"https:\/\/goo.gl\/maps\/sMFNHoxDRmRGMJAB9\" target=\"_blank\" rel=\"noopener\"><img class=\"alignnone wp-image-8229\" title=\"Locaux Inextremis Aventura\" src=\"https:\/\/www.inextremis-aventura.fr\/wp-content\/uploads\/2022\/12\/icone-place.png\" alt=\"Locaux Inextremis Aventura\" width=\"22\" height=\"25\" \/> Situation<\/a><\/strong>","image_topo":"","google_maps":null,"informations_touristiques":"","informations_touristiques_2":"","ouverture-fermeture":"","champs":"","lieu_de_rdv":"","shema_evenement":"","tagmanager":"<!-- Google Tag Manager (noscript) --> <noscript><iframe src=\"https:\/\/www.googletagmanager.com\/ns.html?id=GTM-TXK7HFQX\" height=\"0\" width=\"0\" style=\"display:none;visibility:hidden\"><\/iframe><\/noscript> <!-- End Google Tag Manager (noscript) -->","bouton":""},"_links":{"self":[{"href":"https:\/\/reservation.inextremis-aventura.fr\/ca\/wp-json\/wp\/v2\/product\/6584","targetHints":{"allow":["GET"]}}],"collection":[{"href":"https:\/\/reservation.inextremis-aventura.fr\/ca\/wp-json\/wp\/v2\/product"}],"about":[{"href":"https:\/\/reservation.inextremis-aventura.fr\/ca\/wp-json\/wp\/v2\/types\/product"}],"replies":[{"embeddable":true,"href":"https:\/\/reservation.inextremis-aventura.fr\/ca\/wp-json\/wp\/v2\/comments?post=6584"}],"wp:featuredmedia":[{"embeddable":true,"href":"https:\/\/reservation.inextremis-aventura.fr\/ca\/wp-json\/wp\/v2\/media\/8389"}],"wp:attachment":[{"href":"https:\/\/reservation.inextremis-aventura.fr\/ca\/wp-json\/wp\/v2\/media?parent=6584"}],"wp:term":[{"taxonomy":"product_brand","embeddable":true,"href":"https:\/\/reservation.inextremis-aventura.fr\/ca\/wp-json\/wp\/v2\/product_brand?post=6584"},{"taxonomy":"product_cat","embeddable":true,"href":"https:\/\/reservation.inextremis-aventura.fr\/ca\/wp-json\/wp\/v2\/product_cat?post=6584"},{"taxonomy":"product_tag","embeddable":true,"href":"https:\/\/reservation.inextremis-aventura.fr\/ca\/wp-json\/wp\/v2\/product_tag?post=6584"}],"curies":[{"name":"wp","href":"https:\/\/api.w.org\/{rel}","templated":true}]}}