{"id":853,"date":"2021-11-03T16:44:48","date_gmt":"2021-11-03T15:44:48","guid":{"rendered":"https:\/\/reservation.inextremis-aventura.fr\/activities\/Sense%20categoria\/barranquisme-gorges-de-galamus-saint-paul-de-fenouillet-pirineus-orientals\/"},"modified":"2025-07-23T22:59:23","modified_gmt":"2025-07-23T20:59:23","slug":"barranquisme-gorges-de-galamus-sant-pau-de-fenollet","status":"publish","type":"product","link":"https:\/\/reservation.inextremis-aventura.fr\/ca\/activitats\/barranquisme-gorges-de-galamus-sant-pau-de-fenollet\/","title":{"rendered":"Barranquisme Gorges de Galamus &#8211; Sant Pau de Fenollet &#8211; Pirineus Orientals"},"content":{"rendered":"<p>Barranquisme amb els vostres nens al Barranc de les Gorges de Galamus a Sant Pau de Fenollet als Pirineus Orientals 66 amb la fam\u00edlia durant una excursi\u00f3 aqu\u00e0tica en companyia d&#8217;un instructor professional de barrancs amb certificat franc\u00e8s de barranquisme, un lloc excepcional a nom\u00e9s 50 minuts de les platges&#8230;<\/p>\n","protected":false},"excerpt":{"rendered":"<p>Barranquisme amb els vostres nens al Barranc de les Gorges de Galamus a Sant Pau de Fenollet als Pirineus Orientals 66 amb la fam\u00edlia durant una excursi\u00f3 aqu\u00e0tica en companyia d&#8217;un instructor professional de barrancs amb certificat franc\u00e8s de barranquisme, un lloc excepcional a nom\u00e9s 50 minuts de les platges&#8230;<\/p>\n","protected":false},"featured_media":772,"comment_status":"open","ping_status":"closed","template":"","meta":{"_acf_changed":false,"_seopress_robots_primary_cat":"none","_seopress_titles_title":"Barranquisme Gorges de Galamus - Sant Pau de Fenollet - Pirineus Orientals","_seopress_titles_desc":"Barranquisme Gorges de Galamus - Sant Pau de Fenollet - Pirineus Orientals","_seopress_robots_index":"","site-sidebar-layout":"no-sidebar","site-content-layout":"page-builder","ast-site-content-layout":"full-width-container","site-content-style":"unboxed","site-sidebar-style":"unboxed","ast-global-header-display":"","ast-banner-title-visibility":"","ast-main-header-display":"","ast-hfb-above-header-display":"","ast-hfb-below-header-display":"","ast-hfb-mobile-header-display":"","site-post-title":"disabled","ast-breadcrumbs-content":"","ast-featured-img":"disabled","footer-sml-layout":"","ast-disable-related-posts":"","theme-transparent-header-meta":"default","adv-header-id-meta":"","stick-header-meta":"default","header-above-stick-meta":"","header-main-stick-meta":"","header-below-stick-meta":"","astra-migrate-meta-layouts":"set","ast-page-background-enabled":"default","ast-page-background-meta":{"desktop":{"background-color":"var(--ast-global-color-4)","background-image":"","background-repeat":"repeat","background-position":"center center","background-size":"auto","background-attachment":"scroll","background-type":"","background-media":"","overlay-type":"","overlay-color":"","overlay-opacity":"","overlay-gradient":""},"tablet":{"background-color":"","background-image":"","background-repeat":"repeat","background-position":"center center","background-size":"auto","background-attachment":"scroll","background-type":"","background-media":"","overlay-type":"","overlay-color":"","overlay-opacity":"","overlay-gradient":""},"mobile":{"background-color":"","background-image":"","background-repeat":"repeat","background-position":"center center","background-size":"auto","background-attachment":"scroll","background-type":"","background-media":"","overlay-type":"","overlay-color":"","overlay-opacity":"","overlay-gradient":""}},"ast-content-background-meta":{"desktop":{"background-color":"var(--ast-global-color-5)","background-image":"","background-repeat":"repeat","background-position":"center center","background-size":"auto","background-attachment":"scroll","background-type":"","background-media":"","overlay-type":"","overlay-color":"","overlay-opacity":"","overlay-gradient":""},"tablet":{"background-color":"var(--ast-global-color-5)","background-image":"","background-repeat":"repeat","background-position":"center center","background-size":"auto","background-attachment":"scroll","background-type":"","background-media":"","overlay-type":"","overlay-color":"","overlay-opacity":"","overlay-gradient":""},"mobile":{"background-color":"var(--ast-global-color-5)","background-image":"","background-repeat":"repeat","background-position":"center center","background-size":"auto","background-attachment":"scroll","background-type":"","background-media":"","overlay-type":"","overlay-color":"","overlay-opacity":"","overlay-gradient":""}},"_glsr_average":4.29999999999999982236431605997495353221893310546875,"_glsr_ranking":3.728571428571399781759510005940683186054229736328125,"_glsr_reviews":4},"product_brand":[238],"product_cat":[46,54],"product_tag":[167,137,165,114,68],"class_list":{"0":"post-853","1":"product","2":"type-product","3":"status-publish","4":"has-post-thumbnail","6":"product_brand-sableo-ca","7":"product_cat-barranquisme","8":"product_cat-familia","9":"product_tag-fenolledes","10":"product_tag-galamus-ca","11":"product_tag-mig-dia","12":"product_tag-pirineus-orientals","13":"product_tag-sant-paul-de-fenouillet","14":"desktop-align-center","15":"tablet-align-left","16":"mobile-align-left","17":"ast-product-gallery-layout-horizontal","18":"ast-magnify-disabled","20":"first","21":"instock","22":"virtual","23":"product-type-simple"},"acf":{"short_description_en_h2":"<h2>[wpcode id=\"12596\"]<\/h2>","description_de_la_sortie":"<h3>Descripci\u00f3 de la sortida :<\/h3>\r\n<strong>Als contraforts de les Corbi\u00e8res, situats a cavall entre els departaments de l'Aude 11 i dels Pirineus Orientals 66, el Barranc de les Gorges de Galamus \u00e9s una profunda esqueixada a la barrera calc\u00e0ria del Fenoll\u00e8des que ofereix un magn\u00edfic curs de can\u00f3 divertit. El Barranc de Galamus est\u00e0 format per una successi\u00f3 de conques i testos, petits tobogans, salts f\u00e0cils que mai s\u00f3n obligatoris.<\/strong>\r\n\r\nEls gorgs del Barranc es van tensant a poc a poc, deixant-nos moure entre 2 parets de m\u00e9s de 100m a cada costat. Aquest \u00e9s realment el can\u00f3 per divertir-se i descobrir l'activitat sense aprensi\u00f3. Sense r\u00e0pel amb corda, salts fins a 7 m (no obligatori).\r\n\r\nD\u00e8s de la sortida del Barranc, prenem un petit corriol que porta a la capella de l'Ermita <span class=\"st\"> Sant Antoni de Galamus <\/span> que es troba enfilada a 376 metres d'altitud als congosts, penjant del roca. Incre\u00efble!\r\nLa capella de l'ermita es va construir en una cova natural situada a la paret del cingle.\r\n\r\nL'inici del descens del Barranc t\u00e9 lloc a la localitat de Cubi\u00e8res sur Cinoble, a Aude, a l'aparcament de L'Oule. L'ascens s'acaba sota l'aparcament del Belv\u00e9d\u00e8re al costat de Sant-Pau-de-Fenollet als Pirineus Orientals.\r\n\r\nEl Barranc de les Gorges de Galamus \u00e9s una excursi\u00f3 aqu\u00e0tica familiar. Aquest Barranc de nivell f\u00e0cil \u00e9s molt accessible, equipat amb vestit de neopr\u00e8, un arn\u00e8s obligatori per creuar un petit passam\u00e0 de progressi\u00f3 imprescindible i un casc, descobreix aquest esport al paratge natural i magn\u00edfic del pa\u00eds c\u00e0tar.\r\n\r\nEl riu Agly, procedent de les\u00a0 altes Corbi\u00e8res, ha incisat verticalment la cadena calc\u00e0ria de Galamus al llarg de m\u00e9s de 500 metres de profunditat per netejar un pas cap al Mediterrani. El paratge natural dels congosts de Galamus aix\u00ed creat \u00e9s for\u00e7a excepcional.\r\n\r\nA nom\u00e9s 1 hora de Perpiny\u00e0 i de les estacions de platja de Barcar\u00e8s, Port la Nouvelle, Leucate, Canet en Rossell\u00f3 i Perpiny\u00e0...","materiel_fourni_pour_votre_descente":"<h3>Equipament proporcionat per al vostre descens<\/h3>\r\nVestit de canyon refor\u00e7at\r\nArn\u00e8s amb doble corda i descensor\r\nCasc\r\nSabates (del 36 al 47)","affaires_personnelles_a_prevoir":"<h3>Assumptes personals a planificar<\/h3>\r\nVestit de bany\r\nEs requereixen mitjons\r\n1 parell de sabates esportives si talla &lt; 36 o &gt; 47\r\nEl\u00e0stic de cabell per a nenes\r\nAmpolla d'aigua","le_plus_d\u2019inextremis_aventura":"<h3>El + d\u2019Inextremis Aventura<\/h3>\r\nSupervisi\u00f3 d\u2019un Guia de barrancs qualificat d\u2019estat franc\u00e8s infant dels Pa\u00efs amb m\u00e9s de 30 anys d\u2019experi\u00e8ncia professional sent un dels pioners del barranquisme a les Pirineus Orientals.\r\nUna transport organitzada entre la part inferior i la part superior del barranc evitant la caminada d\u2019aproximaci\u00f3 per arribar al can\u00f3.\r\nSubministrament d\u2019una c\u00e0mera impermeable gratu\u00efta per a tot el grup (segons disponibilitat) \u2013 Recuperaci\u00f3 gratu\u00efta de fotografies per descarregar.","video":"","niveau":"<div id=\"field_66a0ca8e4a18f\" class=\"type-wysiwyg vc_custom_1733260713881 vc_sw-acf vc_sw-align-justify field_66a0ca8e4a18f\">\r\n<div class=\"wpcbm-badge wpcbm-badge-10025 wpcbm-pid-657 wpcbm-badge-style-04 wpcbm-badge-group-0 hint--top\" aria-label=\"\">\r\n<div class=\"wpcbm-badge-inner\"><strong>Nivell fac\u00edl \u2013 8 ans<\/strong><\/div>\r\n<\/div>\r\n<div class=\"wpcbm-badge wpcbm-badge-10064 wpcbm-pid-657 wpcbm-badge-style-04 wpcbm-badge-group-0 hint--bottom\" aria-label=\"\">\r\n<div class=\"wpcbm-badge-inner\"><strong>Juillet-Ao\u00fbt<\/strong><\/div>\r\n<\/div>\r\n<\/div>","topographie":"<h3>Topografia Barranc Gorges de Galamus<\/h3>\r\n<strong>Nom: Barranc Gorges de Galamus\r\nMunicipi: Cubi\u00e8res sur Cinoble \u2013 Sant Pau de Fenollet\r\nDepartament: Aude \u2013 Pirineus Orientals\r\nRegi\u00f3: Occit\u00e0nia \u2013 Pirineu Mediterrani\r\nPa\u00eds: Fran\u00e7a\r\nSalt de 3 m\r\nSalt de 2 m\r\nSalt de 2,50 m\r\nTobogan 3 m\r\nPassatge amb arn\u00e8s i cordons sobre passam\u00e0 obligatori.\r\nSalt de 6 o 8 m (per als m\u00e9s esportistes)\r\nSalt de 5 m\r\nSalt de 3 m\r\nSalt de 3,50 m\r\nnombrosos creus de conques per banyar-se\r\ntots els obstacles es poden evitar o creuar amb r\u00e0pel.<\/strong>","tarifs_de_la_sortie":"<h3>Preus de la sortida<\/h3>\r\n<ul>\r\n \t<li><strong> Tarifa adults d\u20191 a 4 persones: 45 \u20ac \/ pers <\/strong><\/li>\r\n \t<li><strong> Tarifa adults de 5 a 7 persones i m\u00e9s: 42 \u20ac \/ pers <\/strong><\/li>\r\n \t<li><strong> Tarifa adults de 8 a 10 persones i m\u00e9s: 39 \u20ac \/ pers <\/strong><\/li>\r\n \t<li><strong> Tarifa adolescent de 12 a 14 anys: 39 \u20ac\/pers <\/strong><\/li>\r\n<\/ul>","infos_dates":"<h3>Altres dates<\/h3>\r\n<strong>Vols una data diferent a les que es mostren per al teu viatge de barranquisme? Podem establir una sortida a petici\u00f3 fora de la temporada d\u2019estiu.<\/strong>","image_seule":"[caption id=\"attachment_5024\" align=\"aligncenter\" width=\"1400\"]<img class=\"wp-image-5024 size-full\" title=\"Barranquisme Gorges de Galamus - Sant Pau de Fenollet - Pirineus Orientals\" src=\"http:\/\/www.inextremis-aventura.fr\/wp-content\/uploads\/2021\/12\/GoogleDrive_DSCN9385-scaled-e1718215747792.jpg\" alt=\"Barranquisme Gorges de Galamus - Sant Pau de Fenollet - Pirineus Orientals\" width=\"1400\" height=\"1001\" \/> Barranquisme Gorges de Galamus - Sant Pau de Fenollet - Pirineus Orientals[\/caption]","selectionner":"","contact":"<a href=\"https:\/\/www.inextremis-aventura.fr\/ca\/?attachment_id=3745\"><strong><img class=\"alignnone wp-image-8222\" src=\"http:\/\/www.inextremis-aventura.fr\/wp-content\/uploads\/2022\/12\/icone-mail.png\" alt=\"info@inextremis-aventura.com\" width=\"38\" height=\"25\" \/> Contacta amb nosaltres !<\/strong><\/a>","tel":"<strong><img class=\"alignnone wp-image-8218\" src=\"http:\/\/www.inextremis-aventura.fr\/wp-content\/uploads\/2022\/12\/icone-tel.png\" alt=\"+33980850565\" width=\"25\" height=\"25\" \/>+33 980 850 565<\/strong>","portable":"<strong><img class=\"alignnone wp-image-8218\" src=\"http:\/\/www.inextremis-aventura.fr\/wp-content\/uploads\/2022\/12\/icone-tel.png\" alt=\"+33629564036\" width=\"25\" height=\"25\" \/>+33 629 564 036<\/strong>","situation":"<strong><a href=\"https:\/\/goo.gl\/maps\/sMFNHoxDRmRGMJAB9\" target=\"_blank\" rel=\"noopener\"><img class=\"alignnone wp-image-8229\" title=\"Locaux Inextremis Aventura\" src=\"http:\/\/www.inextremis-aventura.fr\/wp-content\/uploads\/2022\/12\/icone-place.png\" alt=\"Locaux Inextremis Aventura\" width=\"22\" height=\"25\" \/> Situaci\u00f3<\/a><\/strong>","image_topo":"","google_maps":{"address":"Gorges De Galamus (Pyr\u00e9n\u00e9es Orientales), Saint-Antoine, 66220 Saint-Paul-de-Fenouillet, France","lat":42.83566403630873509200682747177779674530029296875,"lng":2.480335235595703125,"zoom":16,"place_id":"ChIJE1GLNPUfsBIRVAoqwPPqO6c","street_name":"Saint-Antoine","city":"Saint-Paul-de-Fenouillet","state":"Occitanie","post_code":66220,"country":"France","country_short":"FR"},"informations_touristiques":"<h3>L'ermita de Saint Antoine de Galamus<\/h3>\r\nA l'establiment, despr\u00e9s o abans del vostre barranquisme, podeu descobrir l'ermita de Saint Antoine de Galamus a una curta passejada des de l'aparcament de Belvedere. L'ermita de Saint Antoine de Galamus \u00e9s un lloc excepcional enclavat al cor dels congosts del mateix nom, a cavall entre l'Aude i els Pirineus Orientals, a Fran\u00e7a. Aquest lloc ser\u00e8, sorprenent i m\u00edstic, atrau molts visitants per la seva bellesa natural i el seu patrimoni espiritual. Constru\u00efda a la paret de roca, l'ermita t\u00e9 vistes al riu Agly i ofereix una vista espectacular de les profundes gorgues i formacions rocoses que l'envolten. S'hi accedeix per un cam\u00ed estret i sinu\u00f3s que refor\u00e7a la sensaci\u00f3 d'a\u00efllament i pau. Aquest cam\u00ed, tallat a la roca, descobreix panor\u00e0miques impressionants a cada pas. El nom de l'ermita fa refer\u00e8ncia a Sant Antoni Ermit\u00e0, un monjo del segle III que va portar una vida d'a\u00efllament i preg\u00e0ria al desert. La capella, situada en una cova, est\u00e0 dedicada a ell i des de fa segles \u00e9s lloc de devoci\u00f3. Amb la seva senzillesa austera, la capella encarna l'esperit de contemplaci\u00f3 que hi regna.\r\nPodeu descobrir frescos antics, est\u00e0tues i objectes lit\u00fargics que testimonien la rica hist\u00f2ria espiritual del lloc. Per\u00f2 m\u00e9s enll\u00e0 del seu car\u00e0cter religi\u00f3s, l'ermita de Saint Antoine de Galamus \u00e9s tamb\u00e9 una joia natural. Els congosts dels voltants estan plens de fauna i flora variades, que fan les del\u00edcies dels excursionistes i dels amants de la natura. Els penya-segats de pedra calc\u00e0ria, modelats per segles d'erosi\u00f3, revelen formes sorprenents, fent \u00fanica cada visita. Obert al p\u00fablic tot l'any, el recinte atrau especialment els visitants durant les romeria i les festes en honor a Sant Antoni, amb misses, processons i preg\u00e0ries col\u00b7lectives que reforcen el car\u00e0cter sagrat del lloc. L'ermita no \u00e9s nom\u00e9s un espai de preg\u00e0ria, sin\u00f3 tamb\u00e9 un s\u00edmbol de recerca interior i de comuni\u00f3 amb la natura. Encarna la pau i l'harmonia, oferint als visitants un refugi per a la reflexi\u00f3, la meditaci\u00f3 i el rejoveniment, lluny de l'enrenou quotidi\u00e0. Tant si veniu com a pelegr\u00ed, com a turista o simplement com a curi\u00f3s, l'ermita us convida a retrobar-vos amb vosaltres mateixos i amb el m\u00f3n, en un entorn d'una bellesa inigualable. Per acabar la visita, un petit cam\u00ed de pedra us conduir\u00e0 al mirador, antigament l'\u00fanic acc\u00e9s a l'ermita, oferint una \u00faltima mirada a aquest enclavament atemporal.","informations_touristiques_2":"<h3>La caminada pels congosts de Galamus<\/h3>\r\n\u00e9s una experi\u00e8ncia \u00fanica per a aquells que busquen escapar-se al cor d'un paisatge espectacular, el riu Agly, que ofereix un entorn impressionant on la natura s'expressa amb for\u00e7a. L'exploraci\u00f3 del congost es fa principalment per la carretera estreta i sinuosa que serpenteja al costat del penya-segat, oferint unes vistes panor\u00e0miques impressionants. Aquesta carretera pintoresca, tallada a la roca, suposa un aut\u00e8ntic repte per als conductors, sobretot en temporada alta quan el pas pot esdevenir estret. Tanmateix, cada gir revela noves vistes espectaculars de les parets de roca que s'enfonsen a les profunditats del can\u00f3. Al llarg del recorregut, diversos miradors permeten fer pauses per admirar la bellesa salvatge del lloc. Aquests punts de parada s\u00f3n perfectes per admirar la vista, fer fotos o simplement submergir-se en l'ambient tranquil d'aquest entorn natural preservat. <strong>Per a aquells que volen descobrir els congosts d'una manera m\u00e9s esportiva, el barranquisme \u00e9s una opci\u00f3 popular.Tot i que la carretera \u00e9s l'\u00fanica via d'acc\u00e9s cl\u00e0ssica, els aventurers poden baixar pel riu Agly durant un descens del can\u00f3 per explorar les basses amagades i els passos estrets entre les parets de roca.<\/strong> En definitiva, la caminada pels congosts de Galamus, encara que limitada a la carretera per a la majoria de visitants, segueix sent una aventura per si mateixa, oferint una immersi\u00f3 en un entorn natural grandi\u00f3s i preservat. Ja sigui en cotxe, en bicicleta o a peu, \u00e9s una escapada que far\u00e0 les del\u00edcies dels amants de la natura i dels paisatges aut\u00e8ntics.","ouverture-fermeture":"","champs":"<strong>Dates en negreta llan\u00e7aments programats.\r\nDates ratllades o sortides completes que no es poden fer clic.<\/strong>","lieu_de_rdv":"<h3>Lloc de trobada :<\/h3>","shema_evenement":"","tagmanager":"<!-- Google Tag Manager (noscript) --> <noscript><iframe src=\"https:\/\/www.googletagmanager.com\/ns.html?id=GTM-TXK7HFQX\" height=\"0\" width=\"0\" style=\"display:none;visibility:hidden\"><\/iframe><\/noscript> <!-- End Google Tag Manager (noscript) -->","bouton":""},"_links":{"self":[{"href":"https:\/\/reservation.inextremis-aventura.fr\/ca\/wp-json\/wp\/v2\/product\/853","targetHints":{"allow":["GET"]}}],"collection":[{"href":"https:\/\/reservation.inextremis-aventura.fr\/ca\/wp-json\/wp\/v2\/product"}],"about":[{"href":"https:\/\/reservation.inextremis-aventura.fr\/ca\/wp-json\/wp\/v2\/types\/product"}],"replies":[{"embeddable":true,"href":"https:\/\/reservation.inextremis-aventura.fr\/ca\/wp-json\/wp\/v2\/comments?post=853"}],"wp:featuredmedia":[{"embeddable":true,"href":"https:\/\/reservation.inextremis-aventura.fr\/ca\/wp-json\/wp\/v2\/media\/772"}],"wp:attachment":[{"href":"https:\/\/reservation.inextremis-aventura.fr\/ca\/wp-json\/wp\/v2\/media?parent=853"}],"wp:term":[{"taxonomy":"product_brand","embeddable":true,"href":"https:\/\/reservation.inextremis-aventura.fr\/ca\/wp-json\/wp\/v2\/product_brand?post=853"},{"taxonomy":"product_cat","embeddable":true,"href":"https:\/\/reservation.inextremis-aventura.fr\/ca\/wp-json\/wp\/v2\/product_cat?post=853"},{"taxonomy":"product_tag","embeddable":true,"href":"https:\/\/reservation.inextremis-aventura.fr\/ca\/wp-json\/wp\/v2\/product_tag?post=853"}],"curies":[{"name":"wp","href":"https:\/\/api.w.org\/{rel}","templated":true}]}}