{"id":863,"date":"2021-11-02T18:25:26","date_gmt":"2021-11-02T17:25:26","guid":{"rendered":"https:\/\/reservation.inextremis-aventura.fr\/shop\/Sense%20categoria\/barranc-del-mas-calsan-reiners-pirineus-orientals\/"},"modified":"2025-07-13T10:21:37","modified_gmt":"2025-07-13T08:21:37","slug":"barranquisme-mas-cal-sant-pirineus-orientals","status":"publish","type":"product","link":"https:\/\/reservation.inextremis-aventura.fr\/ca\/activitats\/barranquisme-mas-cal-sant-pirineus-orientals\/","title":{"rendered":"Barranquisme Mas Cal Sant &#8211; Reiners &#8211; Pirineus Orientals"},"content":{"rendered":"<h3>Un santuari de barranquisme a Reyn\u00e8s<\/h3>\n<p>Pr\u00e0ctica possible entre abril i juny. Un descens de canyons a les salvatges gorgues del Vallespir.<br \/>\nUna successi\u00f3 ininterrompuda de salts d&#8217;aigua, tobogans, salts i r\u00e0pels en cascades obertes i tobogans amb aterratge en basses d&#8217;aigua cristal\u00b7lina s\u00f3n a la carta del can\u00f3 del Mas Calsan.<br \/>\nAquest can\u00f3 \u00e9s accessible des d&#8217;abril fins a finals de juny, \u00e9s perfecte per a principiants i experts, garanteix grans sensacions de lliscament amb la seva multitud de tobogans i el &#8220;gas&#8221; de les seves dues grans cascades.<\/p>\n","protected":false},"excerpt":{"rendered":"<p>Descobriu el barranquisme al Barranc del Mas Calsan per a un descens amb un guia professional instructor diplomat d\u2019estat barranquisma franc\u00e8s a Reiners a prop de Caret en Vallespir als Pirineus Orientals, a nom\u00e9s 40 minuts amb cotxe de Perpiny\u00e0 i de les platges d\u2019Argeles sur Mer, Sant Cipri\u00e0 i Cotlliure<\/p>\n","protected":false},"featured_media":766,"comment_status":"open","ping_status":"closed","template":"","meta":{"_acf_changed":false,"_seopress_robots_primary_cat":"none","_seopress_titles_title":"Barranquisme Mas Cal Sant - Reiners - Pirineus Orientals","_seopress_titles_desc":"Descobriu el barranquisme al Barranc del Mas Calsan per a un descens amb un guia professional instructor diplomat d\u2019estat barranquisma franc\u00e8s a Reiners a prop de Caret en Vallespir als Pirineus Orientals, a nom\u00e9s 40 minuts amb cotxe de Perpiny\u00e0 i de les platges d\u2019Argeles sur Mer, Sant Cipri\u00e0 i Cotlliure","_seopress_robots_index":"","site-sidebar-layout":"no-sidebar","site-content-layout":"","ast-site-content-layout":"full-width-container","site-content-style":"unboxed","site-sidebar-style":"unboxed","ast-global-header-display":"","ast-banner-title-visibility":"","ast-main-header-display":"","ast-hfb-above-header-display":"","ast-hfb-below-header-display":"","ast-hfb-mobile-header-display":"","site-post-title":"disabled","ast-breadcrumbs-content":"","ast-featured-img":"disabled","footer-sml-layout":"","ast-disable-related-posts":"","theme-transparent-header-meta":"default","adv-header-id-meta":"","stick-header-meta":"default","header-above-stick-meta":"","header-main-stick-meta":"","header-below-stick-meta":"","astra-migrate-meta-layouts":"set","ast-page-background-enabled":"default","ast-page-background-meta":{"desktop":{"background-color":"var(--ast-global-color-4)","background-image":"","background-repeat":"repeat","background-position":"center center","background-size":"auto","background-attachment":"scroll","background-type":"","background-media":"","overlay-type":"","overlay-color":"","overlay-opacity":"","overlay-gradient":""},"tablet":{"background-color":"","background-image":"","background-repeat":"repeat","background-position":"center center","background-size":"auto","background-attachment":"scroll","background-type":"","background-media":"","overlay-type":"","overlay-color":"","overlay-opacity":"","overlay-gradient":""},"mobile":{"background-color":"","background-image":"","background-repeat":"repeat","background-position":"center center","background-size":"auto","background-attachment":"scroll","background-type":"","background-media":"","overlay-type":"","overlay-color":"","overlay-opacity":"","overlay-gradient":""}},"ast-content-background-meta":{"desktop":{"background-color":"var(--ast-global-color-5)","background-image":"","background-repeat":"repeat","background-position":"center center","background-size":"auto","background-attachment":"scroll","background-type":"","background-media":"","overlay-type":"","overlay-color":"","overlay-opacity":"","overlay-gradient":""},"tablet":{"background-color":"var(--ast-global-color-5)","background-image":"","background-repeat":"repeat","background-position":"center center","background-size":"auto","background-attachment":"scroll","background-type":"","background-media":"","overlay-type":"","overlay-color":"","overlay-opacity":"","overlay-gradient":""},"mobile":{"background-color":"var(--ast-global-color-5)","background-image":"","background-repeat":"repeat","background-position":"center center","background-size":"auto","background-attachment":"scroll","background-type":"","background-media":"","overlay-type":"","overlay-color":"","overlay-opacity":"","overlay-gradient":""}},"_glsr_average":5,"_glsr_ranking":3.75,"_glsr_reviews":2},"product_brand":[235],"product_cat":[46,58],"product_tag":[171,114,66,177],"class_list":{"0":"post-863","1":"product","2":"type-product","3":"status-publish","4":"has-post-thumbnail","6":"product_brand-inextremis-aventura-ca","7":"product_cat-barranquisme","8":"product_cat-esportiu","9":"product_tag-diada-completa","10":"product_tag-pirineus-orientals","11":"product_tag-reyniers","12":"product_tag-vallespir-comarca","13":"desktop-align-center","14":"tablet-align-left","15":"mobile-align-left","16":"ast-product-gallery-layout-horizontal","17":"ast-magnify-disabled","19":"first","20":"instock","21":"featured","22":"virtual","23":"product-type-simple"},"acf":{"short_description_en_h2":"<h2>Descobriu el barranquisme al can\u00f3 del Mas Calsan per a un descens amb un guia professional de barranquisme amb diploma d'estat franc\u00e8s a Reyn\u00e8s prop de C\u00e9ret en Vallespir als Pirineus Orientals<\/h2>\r\nA nom\u00e9s 40 minuts amb cotxe de Perpiny\u00e0 i de les platges d'Argel\u00e8s sur Mer, Saint Cyprien i Cotlliure. <strong>Participants de nivell esportiu que hagin practicat barranquisme a partir dels 12 anys (en condicions).<\/strong>","description_de_la_sortie":"<h3>Descripci\u00f3 de la sortida<\/h3>\r\nEl Barranc del Mas Cal Sant est\u00e0 format per dues parts, la primera uneix tobogans i desnivells de 2 a 6 metres, sense treva entre cada obstacle!\r\nS'acaba amb dos salts d'aigua successius, un en un tobogan de 20 metres tallat en el granit semblant un canal artificial, despr\u00e9s els congostos s'obren per donar lloc a un segon salt d'aigua d'uns quinze metres.\r\nFarem un p\u00edcnic al peu d'aquesta imponent cascada, sobre les roques de granit al sol.\r\nLa segona part comen\u00e7a amb un r\u00e0pel de 12 metres on et trobes penjat a l'aire despr\u00e9s del descans.\r\nEls raigs del sol brillen per les escarpades parets, il\u00b7luminant l'aigua de color maragda de les conques.\r\nTot seguit, comen\u00e7a el descens amb tobogans per acabar en un salt d'aigua molt rellisc\u00f3s on us divertiu veient baixar els altres. <strong>Origen del nom Mas Calsan (Mas Cal Sant)<\/strong>","materiel_fourni_pour_votre_descente":"<h3>Equip proporcionat per al teu descens<\/h3>\r\nVestit de can\u00f3 refor\u00e7at\r\nArn\u00e9s amb cordons dobles\r\nsabates (del 36 al 47)\r\nCasc de Barranc","affaires_personnelles_a_prevoir":"<h3>Articles personals per portar<\/h3>\r\nVestit de bany\r\nMitjons necessaris\r\n1 parell de sabates esportives si talla &lt; 36 o &gt; 47\r\nEl\u00e0stic de cabell per a nenes\r\nAmpolla d'aigua","le_plus_d\u2019inextremis_aventura":"<h3>El + d'Inextremis Aventura<\/h3>\r\nSupervisi\u00f3 d'un monitor de barranquisme titulat per l'estat franc\u00e8s amb m\u00e9s de 30 anys d'experi\u00e8ncia professional, sent un dels pioners del barranquisme al PO.\r\nS'organitza una llan\u00e7adora en minib\u00fas entre la part inferior i la part superior del Barranc, estalviant-vos la pujada de nou fora del can\u00f3, que \u00e9s molt pronunciada i dif\u00edcil per als vostres vehicles.\r\nSubministrament gratu\u00eft d'una c\u00e0mera impermeable per a tot el grup (segons disponibilitat) \u2013 Recuperaci\u00f3 de fotos gratu\u00efta per descarregar.","video":"","niveau":"","topographie":"Nom: Canyon du Mas Calsan \u201cCal Sant\u201d\r\nLocalitzaci\u00f3: Ribera de Cal Sant\r\nMunicipi: Reyn\u00e8s\r\nDepartament: Pyr\u00e9n\u00e9es-Orientales\r\nRegi\u00f3: Occitanie \u2013 Pyr\u00e9n\u00e9es M\u00e9diterran\u00e9e\r\nPa\u00eds: Fran\u00e7a\r\nDescens entre les 3:00 i les 4:30 segons els grups i el recorregut\r\n<table border=\"0\" width=\"100%\">\r\n<tbody>\r\n<tr>\r\n<td width=\"50%\"><strong>part: 1<\/strong>\r\nsalt de 2 m\r\n1 tobogan de 1 m\r\n1 tobogan de 3 m\r\n1 tobogan de 5 m\r\n1 tobogan de 4 m\r\n1 tobogan de 2 m\r\n1 salt de 6 m\r\n1 salt de 4 m\r\n1 tobogan de 4 m\r\n1 Pas sobre passam\u00e0 cablejat de 50 m\r\n1 tobogan en r\u00e0pel estret de 24 m\r\n1 r\u00e0pel de 2210 m10. al vehicle o<\/td>\r\n<td width=\"50%\"><strong>2a i 3a parts:<\/strong>\r\n15 min caminada fins a la 2a part\r\n1 r\u00e0pel de 10 m\r\n1 tobogan de 3 m o salt de 3 m\r\n1 r\u00e0pel de 13 m\r\n1 r\u00e0pel de 6 m\r\n1 descens de 7 m\r\n1 r\u00e0pel de 3 m\r\n0H30 caminada a la sortida del vehicle<\/td>\r\n<\/tr>\r\n<\/tbody>\r\n<\/table>","tarifs_de_la_sortie":"<h3>Preus de la sortida<\/h3>\r\n<strong>Descens (mitja jornada)<\/strong>\r\n<ul>\r\n \t<li><strong>Tarifa adults d'1 a 4 persones: 55 \u20ac\/persona<\/strong><\/li>\r\n \t<li><strong>Tarifa adults de 5 a 7 persones: 52 \u20ac\/persona<\/strong><\/li>\r\n \t<li><strong>Tarifa adults per a 8 a 10 \u20ac per persona<\/strong><\/li>\r\n \t<li><strong>Tarifa Adolescent(s) de 12 a 14 anys: 49 \u20ac\/persona<\/strong><\/li>\r\n<\/ul>\r\n<strong>Descens complet (dia)<\/strong>\r\n<ul>\r\n \t<li style=\"list-style-type: none;\">\r\n<ul>\r\n \t<li><strong>Tarifa adults d'1 a 4 persones: 65 \u20ac\/persona<\/strong><\/li>\r\n \t<li><strong>Tarifa adults de 5 a 7 persones: 62 \u20ac\/persona a persones<\/strong><\/li>\r\n \t<li><strong>Tarifa de 8 a 10 persone : 59 \u20ac\/pers<\/strong><\/li>\r\n \t<li><strong>Tarifa adolescent(s) de 12 a 14 anys: 59 \u20ac\/pers<\/strong><\/li>\r\n<\/ul>\r\n<\/li>\r\n<\/ul>\r\n&nbsp;","infos_dates":"<h3>Altres dates<\/h3>\r\nVoleu una data diferent a les que es mostren per a la vostra sortida de barranquisme?\r\nPodem configurar una sortida a simple petici\u00f3.\r\nLes sortides estan garantides a partir de 4 persones, si no s'arriba al nombre m\u00ednim intentem col\u00b7locar-te amb un company on et reemborsarem l'import total que has pagat en fer la reserva.","image_seule":"<img class=\"aligncenter wp-image-4958 size-full\" title=\"Barranquisme Mas Calsan - Reiniers - Pirineus Orientals - 66\" src=\"http:\/\/www.inextremis-aventura.fr\/wp-content\/uploads\/2021\/12\/GoogleDrive_P1220117.JPG\" alt=\"Barranquisme Mas Calsan - Reiniers - Pirineus Orientals - 66\" width=\"1280\" height=\"960\" \/>","selectionner":"","contact":"<a href=\"https:\/\/www.inextremis-aventura.fr\/ca\/contacta-amb-nosaltres\/\"><strong><img class=\"alignnone wp-image-8222\" src=\"https:\/\/www.inextremis-aventura.fr\/wp-content\/uploads\/2022\/12\/icone-mail.png\" alt=\"info@inextremis-aventura.com\" width=\"38\" height=\"25\" \/> Contacta a\u00f9b noaltres !<\/strong><\/a>","tel":"<strong><img class=\"alignnone wp-image-8218\" src=\"https:\/\/www.inextremis-aventura.fr\/wp-content\/uploads\/2022\/12\/icone-tel.png\" alt=\"+33980850565\" width=\"25\" height=\"25\" \/>+33 980 850 565<\/strong>","portable":"<strong><img class=\"alignnone wp-image-8218\" src=\"https:\/\/www.inextremis-aventura.fr\/wp-content\/uploads\/2022\/12\/icone-tel.png\" alt=\"+33980850565\" width=\"25\" height=\"25\" \/>+33 629 564 036<\/strong>","situation":"<strong><a href=\"https:\/\/goo.gl\/maps\/sMFNHoxDRmRGMJAB9\" target=\"_blank\" rel=\"noopener\"><img class=\"alignnone wp-image-8229\" title=\"Locaux Inextremis Aventura\" src=\"https:\/\/www.inextremis-aventura.fr\/wp-content\/uploads\/2022\/12\/icone-place.png\" alt=\"Locaux Inextremis Aventura\" width=\"22\" height=\"25\" \/> Situaci\u00f3<\/a><\/strong>","image_topo":"<img class=\"alignnone wp-image-2680 size-full\" title=\"Topografia Barranc de Mas Cal Sant - Reiniers - Pirineus Orientals\" src=\"http:\/\/www.inextremis-aventura.fr\/wp-content\/uploads\/2019\/03\/canyon-le-mas-calsan-01.jpg\" alt=\"Topografia Barranc de Mas Cal Sant - Reiniers - Pirineus Orientals\" width=\"1920\" height=\"2365\" \/>","google_maps":{"address":"1 Route de la Montagnole, 66400 Reynes, France","lat":42.47563476973638074696282274089753627777099609375,"lng":2.70735527249145402350904987542890012264251708984375,"zoom":19,"place_id":"ChIJ2wdipiihuhIR8jL5JwNwGsk","street_number":1,"street_name":"Route de la Montagnole","city":"Reynes","state":"Occitanie","post_code":66400,"country":"France","country_short":"FR"},"informations_touristiques":"","informations_touristiques_2":"","ouverture-fermeture":"","champs":"<strong>Les dates en negreta s\u00f3n publicacions programades.\r\nDates ratllades o versions completes que no es poden fer clic.<\/strong>","lieu_de_rdv":"<h3>Lloc de trobada :<\/h3>","shema_evenement":"","tagmanager":"<!-- Google Tag Manager (noscript) --> <noscript><iframe src=\"https:\/\/www.googletagmanager.com\/ns.html?id=GTM-TXK7HFQX\" height=\"0\" width=\"0\" style=\"display:none;visibility:hidden\"><\/iframe><\/noscript> <!-- End Google Tag Manager (noscript) -->","bouton":""},"_links":{"self":[{"href":"https:\/\/reservation.inextremis-aventura.fr\/ca\/wp-json\/wp\/v2\/product\/863","targetHints":{"allow":["GET"]}}],"collection":[{"href":"https:\/\/reservation.inextremis-aventura.fr\/ca\/wp-json\/wp\/v2\/product"}],"about":[{"href":"https:\/\/reservation.inextremis-aventura.fr\/ca\/wp-json\/wp\/v2\/types\/product"}],"replies":[{"embeddable":true,"href":"https:\/\/reservation.inextremis-aventura.fr\/ca\/wp-json\/wp\/v2\/comments?post=863"}],"wp:featuredmedia":[{"embeddable":true,"href":"https:\/\/reservation.inextremis-aventura.fr\/ca\/wp-json\/wp\/v2\/media\/766"}],"wp:attachment":[{"href":"https:\/\/reservation.inextremis-aventura.fr\/ca\/wp-json\/wp\/v2\/media?parent=863"}],"wp:term":[{"taxonomy":"product_brand","embeddable":true,"href":"https:\/\/reservation.inextremis-aventura.fr\/ca\/wp-json\/wp\/v2\/product_brand?post=863"},{"taxonomy":"product_cat","embeddable":true,"href":"https:\/\/reservation.inextremis-aventura.fr\/ca\/wp-json\/wp\/v2\/product_cat?post=863"},{"taxonomy":"product_tag","embeddable":true,"href":"https:\/\/reservation.inextremis-aventura.fr\/ca\/wp-json\/wp\/v2\/product_tag?post=863"}],"curies":[{"name":"wp","href":"https:\/\/api.w.org\/{rel}","templated":true}]}}