{"id":8661,"date":"2023-02-27T17:33:04","date_gmt":"2023-02-27T16:33:04","guid":{"rendered":"https:\/\/reservation.inextremis-aventura.fr\/?post_type=product&#038;p=8661"},"modified":"2025-01-13T14:00:23","modified_gmt":"2025-01-13T13:00:23","slug":"carte-cadeau-canyoning-terme-inferieur","status":"publish","type":"product","link":"https:\/\/reservation.inextremis-aventura.fr\/ca\/activitats\/carte-cadeau-canyoning-terme-inferieur\/","title":{"rendered":"Carte Cadeau Canyoning Terme Inf\u00e9rieur &#8211;  Pyr\u00e9n\u00e9es Orientales"},"content":{"rendered":"<p>Offrez une carte cadeau Canyoning en famille avec vos enfants au canyon des Gorges du Terme Inf\u00e9rieur \u00e0 Am\u00e9lie les Bains dans les Pyr\u00e9n\u00e9es Orientales 66 en famille durant une rando aquatique en compagnie d\u2019un moniteur canyon professionnel dipl\u00f4m\u00e9 d\u2019\u00e9tat Fran\u00e7ais canyonisme, un site exceptionnel \u00e0 seulement 45 min des plages\u2026<\/p>\n","protected":false},"excerpt":{"rendered":"<p>Offrez une carte cadeau Canyoning famille pour une descente aux Gorges de Galamus \u00e0 Saint Paul de Fenouillet dans les Pyr\u00e9n\u00e9es Orientales.<\/p>\n","protected":false},"featured_media":5069,"comment_status":"open","ping_status":"closed","template":"","meta":{"_acf_changed":false,"_seopress_robots_primary_cat":"none","_seopress_titles_title":"Carte cadeau Canyoning Gorges de Galamus - Saint Paul de Fenouillet - Pyr\u00e9n\u00e9es Orientales","_seopress_titles_desc":"Offrez une carte cadeau pour Canyoning famille aux Gorges de Galamus \u00e0 Saint Paul de Fenouillet dans les Pyr\u00e9n\u00e9es Orientales.","_seopress_robots_index":"","site-sidebar-layout":"no-sidebar","site-content-layout":"plain-container","ast-site-content-layout":"normal-width-container","site-content-style":"unboxed","site-sidebar-style":"unboxed","ast-global-header-display":"","ast-banner-title-visibility":"","ast-main-header-display":"","ast-hfb-above-header-display":"","ast-hfb-below-header-display":"","ast-hfb-mobile-header-display":"","site-post-title":"disabled","ast-breadcrumbs-content":"","ast-featured-img":"disabled","footer-sml-layout":"","ast-disable-related-posts":"","theme-transparent-header-meta":"default","adv-header-id-meta":"5451","stick-header-meta":"default","header-above-stick-meta":"","header-main-stick-meta":"","header-below-stick-meta":"","astra-migrate-meta-layouts":"set","ast-page-background-enabled":"default","ast-page-background-meta":{"desktop":{"background-color":"var(--ast-global-color-4)","background-image":"","background-repeat":"repeat","background-position":"center center","background-size":"auto","background-attachment":"scroll","background-type":"","background-media":"","overlay-type":"","overlay-color":"","overlay-opacity":"","overlay-gradient":""},"tablet":{"background-color":"","background-image":"","background-repeat":"repeat","background-position":"center center","background-size":"auto","background-attachment":"scroll","background-type":"","background-media":"","overlay-type":"","overlay-color":"","overlay-opacity":"","overlay-gradient":""},"mobile":{"background-color":"","background-image":"","background-repeat":"repeat","background-position":"center center","background-size":"auto","background-attachment":"scroll","background-type":"","background-media":"","overlay-type":"","overlay-color":"","overlay-opacity":"","overlay-gradient":""}},"ast-content-background-meta":{"desktop":{"background-color":"var(--ast-global-color-5)","background-image":"","background-repeat":"repeat","background-position":"center center","background-size":"auto","background-attachment":"scroll","background-type":"","background-media":"","overlay-type":"","overlay-color":"","overlay-opacity":"","overlay-gradient":""},"tablet":{"background-color":"var(--ast-global-color-5)","background-image":"","background-repeat":"repeat","background-position":"center center","background-size":"auto","background-attachment":"scroll","background-type":"","background-media":"","overlay-type":"","overlay-color":"","overlay-opacity":"","overlay-gradient":""},"mobile":{"background-color":"var(--ast-global-color-5)","background-image":"","background-repeat":"repeat","background-position":"center center","background-size":"auto","background-attachment":"scroll","background-type":"","background-media":"","overlay-type":"","overlay-color":"","overlay-opacity":"","overlay-gradient":""}},"_glsr_average":5,"_glsr_ranking":3.636363636363599827205916881212033331394195556640625,"_glsr_reviews":1},"product_brand":[],"product_cat":[],"product_tag":[],"class_list":{"0":"post-8661","1":"product","2":"type-product","3":"status-publish","4":"has-post-thumbnail","6":"desktop-align-center","7":"tablet-align-left","8":"mobile-align-left","9":"ast-product-gallery-layout-horizontal","10":"ast-product-gallery-with-no-image","11":"ast-magnify-disabled","13":"first","14":"instock","15":"virtual","16":"purchasable","17":"product-type-simple"},"acf":{"short_description_en_h2":"<h2>[wpcode id=\"12596\"]<\/h2>","description_de_la_sortie":"","materiel_fourni_pour_votre_descente":"Mat\u00e9riel fourni pour votre descente\r\nCombinaison canyon renforc\u00e9e\r\nHarnais avec longes doubles et descendeur\r\nCasque\r\nChaussures (du 36 au 47)","affaires_personnelles_a_prevoir":"Affaires personnelles \u00e0 pr\u00e9voir\r\n\r\n    Maillot de bain\r\n    Chaussettes obligatoires\r\n    1 paire de chaussures de sport si pointure < 36 ou > 47\r\n    \u00c9lastique \u00e0 cheveux pour les filles\r\n    Bouteille d\u2019eau","le_plus_d\u2019inextremis_aventura":"Encadrement par un moniteur canyon dipl\u00f4m\u00e9 d\u2019\u00e9tat fran\u00e7ais ayant plus de 30 ans d\u2019exp\u00e9rience professionnelle \u00e9tant l\u2019un des pionniers du canyonisme dans les PO.\r\nUne navette en minibus est organis\u00e9e entre le bas et le haut du canyon vous \u00e9vitant la remont\u00e9e en sortie du canyon tr\u00e8s raide et p\u00e9nible \u00e0 vos v\u00e9hicules.\r\nMise \u00e0 disposition gratuite d\u2019un appareil photo \u00e9tanche pour l\u2019ensemble du groupe (sous r\u00e9serve de disponibilit\u00e9) \u2013 R\u00e9cup\u00e9ration gratuite des photos en t\u00e9l\u00e9chargement.","video":"","niveau":"","topographie":"","tarifs_de_la_sortie":"","infos_dates":"Vous souhaitez une autre date que celles affich\u00e9es pour votre sortie canyoning ?\r\nNous pouvons mettre en place un d\u00e9part sur simple demande.\r\nLes d\u00e9parts sont assur\u00e9s \u00e0 partir de 4 personnes, si le nombre minimum n\u2019est pas atteint nous essayons de vous replacer chez un coll\u00e8gue o\u00f9 nous vous remboursons la totalit\u00e9 de la somme que vous avez r\u00e9gl\u00e9 \u00e0 la r\u00e9servation.","image_seule":"","selectionner":"<span style=\"color: #ff0000;\"><strong>S\u00e9lectionner le nombre de place(s) total ci-dessus.<\/strong><\/span>","contact":"<a href=\"https:\/\/reservation.inextremis-aventura.fr\/nous-contacter\/\"><strong><img class=\"alignnone wp-image-8222\" src=\"https:\/\/www.inextremis-aventura.fr\/wp-content\/uploads\/2022\/12\/icone-mail.png\" alt=\"info@inextremis-aventura.com\" width=\"38\" height=\"25\" \/> Contact !<\/strong><\/a>","tel":"<strong><img class=\"alignnone wp-image-8218\" src=\"https:\/\/www.inextremis-aventura.fr\/wp-content\/uploads\/2022\/12\/icone-tel.png\" alt=\"+33980850565\" width=\"25\" height=\"25\" \/>09 80 85 05 65<\/strong>","portable":"<strong><img class=\"alignnone wp-image-8218\" src=\"https:\/\/www.inextremis-aventura.fr\/wp-content\/uploads\/2022\/12\/icone-tel.png\" alt=\"+33980850565\" width=\"25\" height=\"25\" \/>06 29 56 40 36<\/strong>","situation":"<strong><a href=\"https:\/\/goo.gl\/maps\/sMFNHoxDRmRGMJAB9\" target=\"_blank\" rel=\"noopener\"><img class=\"alignnone wp-image-8229\" title=\"Locaux Inextremis Aventura\" src=\"https:\/\/www.inextremis-aventura.fr\/wp-content\/uploads\/2022\/12\/icone-place.png\" alt=\"Locaux Inextremis Aventura\" width=\"22\" height=\"25\" \/> Situation<\/a><\/strong>","image_topo":"","google_maps":null,"informations_touristiques":"Informations touristiques","informations_touristiques_2":"","ouverture-fermeture":"","champs":"<strong>Dates en gras sorties programm\u00e9es.\r\nDates barr\u00e9es, ou non cliquables sorties compl\u00e8tes.<\/strong>","lieu_de_rdv":"<h3>Lieu de Rendez-vous :<\/h3>","shema_evenement":"","tagmanager":"<!-- Google Tag Manager (noscript) --> <noscript><iframe src=\"https:\/\/www.googletagmanager.com\/ns.html?id=GTM-TXK7HFQX\" height=\"0\" width=\"0\" style=\"display:none;visibility:hidden\"><\/iframe><\/noscript> <!-- End Google Tag Manager (noscript) -->","bouton":""},"_links":{"self":[{"href":"https:\/\/reservation.inextremis-aventura.fr\/ca\/wp-json\/wp\/v2\/product\/8661","targetHints":{"allow":["GET"]}}],"collection":[{"href":"https:\/\/reservation.inextremis-aventura.fr\/ca\/wp-json\/wp\/v2\/product"}],"about":[{"href":"https:\/\/reservation.inextremis-aventura.fr\/ca\/wp-json\/wp\/v2\/types\/product"}],"replies":[{"embeddable":true,"href":"https:\/\/reservation.inextremis-aventura.fr\/ca\/wp-json\/wp\/v2\/comments?post=8661"}],"wp:featuredmedia":[{"embeddable":true,"href":"https:\/\/reservation.inextremis-aventura.fr\/ca\/wp-json\/wp\/v2\/media\/5069"}],"wp:attachment":[{"href":"https:\/\/reservation.inextremis-aventura.fr\/ca\/wp-json\/wp\/v2\/media?parent=8661"}],"wp:term":[{"taxonomy":"product_brand","embeddable":true,"href":"https:\/\/reservation.inextremis-aventura.fr\/ca\/wp-json\/wp\/v2\/product_brand?post=8661"},{"taxonomy":"product_cat","embeddable":true,"href":"https:\/\/reservation.inextremis-aventura.fr\/ca\/wp-json\/wp\/v2\/product_cat?post=8661"},{"taxonomy":"product_tag","embeddable":true,"href":"https:\/\/reservation.inextremis-aventura.fr\/ca\/wp-json\/wp\/v2\/product_tag?post=8661"}],"curies":[{"name":"wp","href":"https:\/\/api.w.org\/{rel}","templated":true}]}}