{"id":872,"date":"2021-09-29T13:03:53","date_gmt":"2021-09-29T11:03:53","guid":{"rendered":"https:\/\/reservation.inextremis-aventura.fr\/shop\/Sense%20categoria\/barranc-cascades-de-baossos-ceret-pirineus-orientals\/"},"modified":"2025-07-13T10:57:38","modified_gmt":"2025-07-13T08:57:38","slug":"barranquisme-cascades-de-baossos-ceret","status":"publish","type":"product","link":"https:\/\/reservation.inextremis-aventura.fr\/ca\/activitats\/barranquisme-cascades-de-baossos-ceret\/","title":{"rendered":"Barranc Cascades de Baossos &#8211; Ceret &#8211; Pirineus Orientals"},"content":{"rendered":"<h3>Descriptci\u00f3 del barranc&#8230;<\/h3>\n<p><strong>Un barranc de corda per a tota la fam\u00edlia&#8230;<\/strong><br \/>\nAquest cany\u00f3 de descoberta esportiva format per m\u00faltiples salts d&#8217;aigua que es poden fer r\u00e0pel, est\u00e0 obert a nens de 10 anys i adolescents que ja hagin practicat barranquisme. Aquest can\u00f3 \u00e9s idealment transitable a la primavera per als adults.<\/p>\n","protected":false},"excerpt":{"rendered":"<p>Descobreix el barranquisme al les cascades de Baossos a Ceret als Pirineus Orientals, en companyia d&#8217;un instructor de barrancs professional franc\u00e8s titulat per l&#8217;estat.<br \/>\ni<\/p>\n","protected":false},"featured_media":750,"comment_status":"open","ping_status":"closed","template":"","meta":{"_acf_changed":false,"_seopress_robots_primary_cat":"none","_seopress_titles_title":"Barranc Cascades de Baossos - Ceret - Pirineus Orientals","_seopress_titles_desc":"Descobriu el barranquisme al Baoussous Canyon de C\u00e9ret, als Pirineus Orientals, en companyia d'un instructor de barrancs professional franc\u00e8s certificat per l'estat.","_seopress_robots_index":"","site-sidebar-layout":"no-sidebar","site-content-layout":"","ast-site-content-layout":"full-width-container","site-content-style":"unboxed","site-sidebar-style":"unboxed","ast-global-header-display":"","ast-banner-title-visibility":"","ast-main-header-display":"","ast-hfb-above-header-display":"","ast-hfb-below-header-display":"","ast-hfb-mobile-header-display":"","site-post-title":"disabled","ast-breadcrumbs-content":"","ast-featured-img":"disabled","footer-sml-layout":"","ast-disable-related-posts":"","theme-transparent-header-meta":"default","adv-header-id-meta":"","stick-header-meta":"default","header-above-stick-meta":"","header-main-stick-meta":"","header-below-stick-meta":"","astra-migrate-meta-layouts":"set","ast-page-background-enabled":"default","ast-page-background-meta":{"desktop":{"background-color":"var(--ast-global-color-4)","background-image":"","background-repeat":"repeat","background-position":"center center","background-size":"auto","background-attachment":"scroll","background-type":"","background-media":"","overlay-type":"","overlay-color":"","overlay-opacity":"","overlay-gradient":""},"tablet":{"background-color":"","background-image":"","background-repeat":"repeat","background-position":"center center","background-size":"auto","background-attachment":"scroll","background-type":"","background-media":"","overlay-type":"","overlay-color":"","overlay-opacity":"","overlay-gradient":""},"mobile":{"background-color":"","background-image":"","background-repeat":"repeat","background-position":"center center","background-size":"auto","background-attachment":"scroll","background-type":"","background-media":"","overlay-type":"","overlay-color":"","overlay-opacity":"","overlay-gradient":""}},"ast-content-background-meta":{"desktop":{"background-color":"var(--ast-global-color-5)","background-image":"","background-repeat":"repeat","background-position":"center center","background-size":"auto","background-attachment":"scroll","background-type":"","background-media":"","overlay-type":"","overlay-color":"","overlay-opacity":"","overlay-gradient":""},"tablet":{"background-color":"var(--ast-global-color-5)","background-image":"","background-repeat":"repeat","background-position":"center center","background-size":"auto","background-attachment":"scroll","background-type":"","background-media":"","overlay-type":"","overlay-color":"","overlay-opacity":"","overlay-gradient":""},"mobile":{"background-color":"var(--ast-global-color-5)","background-image":"","background-repeat":"repeat","background-position":"center center","background-size":"auto","background-attachment":"scroll","background-type":"","background-media":"","overlay-type":"","overlay-color":"","overlay-opacity":"","overlay-gradient":""}},"_glsr_average":4,"_glsr_ranking":3.5833333333333001746723311953246593475341796875,"_glsr_reviews":2},"product_brand":[235],"product_cat":[46,50],"product_tag":[62,169,165,114,177],"class_list":{"0":"post-872","1":"product","2":"type-product","3":"status-publish","4":"has-post-thumbnail","6":"product_brand-inextremis-aventura-ca","7":"product_cat-barranquisme","8":"product_cat-descobriment","9":"product_tag-ceret-ca","10":"product_tag-iniciacio-descobriment","11":"product_tag-mig-dia","12":"product_tag-pirineus-orientals","13":"product_tag-vallespir-comarca","14":"desktop-align-center","15":"tablet-align-left","16":"mobile-align-left","17":"ast-product-gallery-layout-horizontal","18":"ast-magnify-disabled","20":"first","21":"instock","22":"virtual","23":"product-type-simple"},"acf":{"short_description_en_h2":"<h2>Descobreix el barranquisme al les cascades de Baossos a Ceret als Pirineus Orientals, en companyia d'un instructor de barrancs professional franc\u00e8s titulat per l'estat.<\/h2>","description_de_la_sortie":"<h2>Descriptci\u00f3 del barranc...<\/h2>\r\n<strong>Un barranc de corda per a tota la fam\u00edlia...<\/strong>\r\nAquest cany\u00f3 de descoberta esportiva format per m\u00faltiples salts d'aigua que es poden fer r\u00e0pel, est\u00e0 obert a nens de 10 anys i adolescents que ja hagin practicat barranquisme. Aquest can\u00f3 \u00e9s idealment transitable a la primavera per als adults.","materiel_fourni_pour_votre_descente":"<h3>Equipament proporcionat per al vostre descens<\/h3>\r\nN\u00e9opren de baranc renfor\u00e7at\r\nArn\u00e8s amb doble cordons i descensor\r\nCasc\r\nSabates (del 36 al 47)","affaires_personnelles_a_prevoir":"<h3>Assumptes personals per planificar<\/h3>\r\nShort de banys\r\nMitjes obligatori\r\n1 parell de sabates esportives si \u00e9s de talla < el 36 or > el 47\r\nEl\u00e0stic de cabell per a nenes\r\nBotella d\u2019aigua","le_plus_d\u2019inextremis_aventura":"<h3>El + d\u2019Inextremis Aventura<\/h3>\r\nSupervisi\u00f3 d'un instructor de barrancs qualificat franc\u00e8s amb m\u00e9s de 30 anys d'experi\u00e8ncia professional sent un dels pioners del barranquisme a dels Pirineus Orientales i de Catalunya.\r\nS'organitza una llan\u00e7adora de minib\u00fas entre la part inferior i la part superior del can\u00f3, estalviant-vos la pujada molt pronunciada i dif\u00edcil de tornar al Barranc amb els vostres vehicles.\r\nSubministrament gratu\u00eft d'una c\u00e0mera impermeable per a tot el grup (segons disponibilitat) \u2013 Recuperaci\u00f3 gratu\u00efta de fotos per descarregar.","video":"","niveau":"<div class=\"wpcbm-badge wpcbm-badge-10034 wpcbm-pid-463 wpcbm-badge-style-04 wpcbm-badge-group-0 hint--top\" aria-label=\"\">\r\n<div class=\"wpcbm-badge-inner\"><strong>Nivell initiaci\u00f3 - 10 anys<\/strong><\/div>\r\n<\/div>\r\n<div class=\"wpcbm-badge wpcbm-badge-10056 wpcbm-pid-463 wpcbm-badge-style-04 wpcbm-badge-group-0 hint--bottom\" aria-label=\"\">\r\n<div class=\"wpcbm-badge-inner\"><strong>Abril\/Juliol\r\n<\/strong><\/div>\r\n<\/div>","topographie":"<h3>Topografia del Barranc<\/h3>\r\nDurada total de l'activitat 3h30 - 4h00\r\nBaixada al Barranc entre 2h00 i 2h30 segons grup\r\nLa caminada s'aproxima a 15 minuts m\u00e9s\r\ndesescalada 10 m\r\n1 toboggan de 4 m\r\n1 toboggan de 5 m\r\n1 salt de 2 m\r\n1 recordatori de 3 m\r\n1 recordatori de 2 m\r\nnedant per una conca 1 r\u00e0pel de 10 m\r\n1 toboggan de 6 m\r\n1 salt de 5 m (option)\r\n1 toboggan de 2 m\r\n1 toboggan de 3 m\r\n1 r\u00e0pel de 3 m\r\n1 r\u00e0pel de 17 m\r\n1 r\u00e0pel de 5 m\r\n1 r\u00e0pel de 12 m\r\nTots els obstacles es poden evitar o superar en r\u00e0pel.","tarifs_de_la_sortie":"<h3>Tarifs de la sortie<\/h3>\r\n<ul>\r\n \t<li><strong>Preu adulte de 1 \u00e0 4 persones: 55 \u20ac\/pers<\/strong><\/li>\r\n \t<li><strong>Preu adulte de 5 \u00e0 7 persones : 52 \u20ac\/pers<\/strong><\/li>\r\n \t<li><strong>Preu adulte de 8 \u00e0 10 persones : 49\u20ac\/pers<\/strong><\/li>\r\n \t<li><strong>Preu nens de 10 a 14 anys : 49 \u20ac\/pers<\/strong><\/li>\r\n<\/ul>","infos_dates":"<h3>Altres dates<\/h3>\r\nVols una data diferent a les que es mostren per al teu viatge de barranquisme?\r\nPodem organitzar la sortida a simple sol\u00b7licitud.\r\nLes sortides estan garantides a partir de 4 persones, si no s'arriba al nombre m\u00ednim intentarem col\u00b7locar-te amb un company on et reemborsarem l'import total que has pagat en reservar.","image_seule":"[caption id=\"attachment_8365\" align=\"aligncenter\" width=\"1400\"]<img class=\"wp-image-8365 size-full\" src=\"http:\/\/www.inextremis-aventura.fr\/wp-content\/uploads\/2023\/02\/canyon-cascades-de-baoussous-toboggan-2020-e1675811245236.jpg\" alt=\"Barranquisme Cascades de Baossos a Ceret - Pirineus Orientals - 66\" width=\"1400\" height=\"1001\" \/> Barranquisme Cascades de Baossos a Ceret - Pirineus Orientals - 66[\/caption]","selectionner":"<span style=\"color: #ff0000;\"><strong>Seleccioneu el nombre total de places a dalt.<\/strong><\/span>","contact":"<a href=\"https:\/\/reservation.inextremis-aventura.fr\/nous-contacter\/\"><strong><img class=\"alignnone wp-image-8222\" src=\"https:\/\/www.inextremis-aventura.fr\/wp-content\/uploads\/2022\/12\/icone-mail.png\" alt=\"info@inextremis-aventura.com\" width=\"38\" height=\"25\" \/> Contact amb no-altres !<\/strong><\/a>","tel":"<strong><img class=\"alignnone wp-image-8218\" src=\"https:\/\/www.inextremis-aventura.fr\/wp-content\/uploads\/2022\/12\/icone-tel.png\" alt=\"+33980850565\" width=\"25\" height=\"25\" \/>09 80 85 05 65<\/strong>","portable":"<strong><img class=\"alignnone wp-image-8218\" src=\"https:\/\/www.inextremis-aventura.fr\/wp-content\/uploads\/2022\/12\/icone-tel.png\" alt=\"+33980850565\" width=\"25\" height=\"25\" \/>06 29 56 40 36<\/strong>","situation":"<strong><a href=\"https:\/\/goo.gl\/maps\/sMFNHoxDRmRGMJAB9\" target=\"_blank\" rel=\"noopener\"><img class=\"alignnone wp-image-8229\" title=\"Situaci\u00f3 &lt;br&gt;\" src=\"https:\/\/www.inextremis-aventura.fr\/wp-content\/uploads\/2022\/12\/icone-place.png\" alt=\"Situaci\u00f3 &lt;br&gt;\" width=\"22\" height=\"25\" \/> Situaci\u00f3\r\n<\/a><\/strong>","image_topo":"<a href=\"http:\/\/www.inextremis-aventura.fr\/wp-content\/uploads\/2021\/09\/topo-canyon-cascades-de-baoussous.jpg\" target=\"_blank\" rel=\"noopener\"><img class=\"aligncenter wp-image-472 size-large\" title=\"Topografia Canyoning cascades de Baossos a Ceret -Pirineus Orientals\" src=\"http:\/\/www.inextremis-aventura.fr\/wp-content\/uploads\/2021\/09\/topo-canyon-cascades-de-baoussous-1024x745.jpg\" alt=\"Topografia Barranc cascades de Baossos a Ceret - Pirineus Orientals\" width=\"1024\" height=\"745\" \/><\/a>","google_maps":{"address":"Parking du canal C\u00e9ret","lat":42.48270980000000207610355573706328868865966796875,"lng":2.759827500000000100044417195022106170654296875,"zoom":19,"place_id":"ChIJWSJzaW-huhIR06-8HtGXmWs","city":"C\u00e9ret","state":"Occitanie","post_code":66400,"country":"France","country_short":"FR"},"informations_touristiques":"","informations_touristiques_2":"","ouverture-fermeture":"","champs":"<strong>Dates en negreta de les sortides programades.\r\nDates ratllades o sortides completes que no es poden fer clic.<\/strong>","lieu_de_rdv":"<h3>Lloc de trobada :<\/h3>","shema_evenement":"","tagmanager":"<!-- Google Tag Manager (noscript) --> <noscript><iframe src=\"https:\/\/www.googletagmanager.com\/ns.html?id=GTM-TXK7HFQX\" height=\"0\" width=\"0\" style=\"display:none;visibility:hidden\"><\/iframe><\/noscript> <!-- End Google Tag Manager (noscript) -->","bouton":""},"_links":{"self":[{"href":"https:\/\/reservation.inextremis-aventura.fr\/ca\/wp-json\/wp\/v2\/product\/872","targetHints":{"allow":["GET"]}}],"collection":[{"href":"https:\/\/reservation.inextremis-aventura.fr\/ca\/wp-json\/wp\/v2\/product"}],"about":[{"href":"https:\/\/reservation.inextremis-aventura.fr\/ca\/wp-json\/wp\/v2\/types\/product"}],"replies":[{"embeddable":true,"href":"https:\/\/reservation.inextremis-aventura.fr\/ca\/wp-json\/wp\/v2\/comments?post=872"}],"wp:featuredmedia":[{"embeddable":true,"href":"https:\/\/reservation.inextremis-aventura.fr\/ca\/wp-json\/wp\/v2\/media\/750"}],"wp:attachment":[{"href":"https:\/\/reservation.inextremis-aventura.fr\/ca\/wp-json\/wp\/v2\/media?parent=872"}],"wp:term":[{"taxonomy":"product_brand","embeddable":true,"href":"https:\/\/reservation.inextremis-aventura.fr\/ca\/wp-json\/wp\/v2\/product_brand?post=872"},{"taxonomy":"product_cat","embeddable":true,"href":"https:\/\/reservation.inextremis-aventura.fr\/ca\/wp-json\/wp\/v2\/product_cat?post=872"},{"taxonomy":"product_tag","embeddable":true,"href":"https:\/\/reservation.inextremis-aventura.fr\/ca\/wp-json\/wp\/v2\/product_tag?post=872"}],"curies":[{"name":"wp","href":"https:\/\/api.w.org\/{rel}","templated":true}]}}