{"id":13702,"date":"2021-12-05T13:19:00","date_gmt":"2021-12-05T12:19:00","guid":{"rendered":"https:\/\/reservation.inextremis-aventura.fr\/activites\/duo-canyoning-pyrenees-orientales\/"},"modified":"2025-03-07T13:26:35","modified_gmt":"2025-03-07T12:26:35","slug":"duo-canyoning-pyrenees-orientales","status":"publish","type":"product","link":"https:\/\/reservation.inextremis-aventura.fr\/en\/activities\/duo-canyoning-pyrenees-orientales\/","title":{"rendered":"Duo Canyoning &#8211; Pyrenees Orientales"},"content":{"rendered":"<p><strong>A day of canyoning in Vallespir in the Pyr\u00e9n\u00e9es Orientales with 2 canyons in the C\u00e9ret area on the program.<\/strong><\/p>\n","protected":false},"excerpt":{"rendered":"<p>What could be better than discovering canyoning by practicing it for a full day in the Gorges du Vallespir, just 30 minutes from Perpignan and the beaches of Argel\u00e8s sur Mer and Collioure.<\/p>\n","protected":false},"featured_media":12823,"comment_status":"open","ping_status":"closed","template":"","meta":{"_acf_changed":false,"_seopress_robots_primary_cat":"none","_seopress_titles_title":"Duo Canyoning - Pyrenees Orientales","_seopress_titles_desc":"Practice two half-day canyon descents in the Pyr\u00e9n\u00e9es Orientales on the same day.","_seopress_robots_index":"","site-sidebar-layout":"no-sidebar","site-content-layout":"page-builder","ast-site-content-layout":"full-width-container","site-content-style":"unboxed","site-sidebar-style":"unboxed","ast-global-header-display":"","ast-banner-title-visibility":"","ast-main-header-display":"","ast-hfb-above-header-display":"","ast-hfb-below-header-display":"","ast-hfb-mobile-header-display":"","site-post-title":"disabled","ast-breadcrumbs-content":"","ast-featured-img":"disabled","footer-sml-layout":"","ast-disable-related-posts":"","theme-transparent-header-meta":"default","adv-header-id-meta":"","stick-header-meta":"default","header-above-stick-meta":"","header-main-stick-meta":"","header-below-stick-meta":"","astra-migrate-meta-layouts":"set","ast-page-background-enabled":"default","ast-page-background-meta":{"desktop":{"background-color":"var(--ast-global-color-4)","background-image":"","background-repeat":"repeat","background-position":"center center","background-size":"auto","background-attachment":"scroll","background-type":"","background-media":"","overlay-type":"","overlay-color":"","overlay-opacity":"","overlay-gradient":""},"tablet":{"background-color":"","background-image":"","background-repeat":"repeat","background-position":"center center","background-size":"auto","background-attachment":"scroll","background-type":"","background-media":"","overlay-type":"","overlay-color":"","overlay-opacity":"","overlay-gradient":""},"mobile":{"background-color":"","background-image":"","background-repeat":"repeat","background-position":"center center","background-size":"auto","background-attachment":"scroll","background-type":"","background-media":"","overlay-type":"","overlay-color":"","overlay-opacity":"","overlay-gradient":""}},"ast-content-background-meta":{"desktop":{"background-color":"var(--ast-global-color-5)","background-image":"","background-repeat":"repeat","background-position":"center center","background-size":"auto","background-attachment":"scroll","background-type":"","background-media":"","overlay-type":"","overlay-color":"","overlay-opacity":"","overlay-gradient":""},"tablet":{"background-color":"var(--ast-global-color-5)","background-image":"","background-repeat":"repeat","background-position":"center center","background-size":"auto","background-attachment":"scroll","background-type":"","background-media":"","overlay-type":"","overlay-color":"","overlay-opacity":"","overlay-gradient":""},"mobile":{"background-color":"var(--ast-global-color-5)","background-image":"","background-repeat":"repeat","background-position":"center center","background-size":"auto","background-attachment":"scroll","background-type":"","background-media":"","overlay-type":"","overlay-color":"","overlay-opacity":"","overlay-gradient":""}},"_glsr_average":0,"_glsr_ranking":0,"_glsr_reviews":0},"product_brand":[236],"product_cat":[47,59],"product_tag":[],"class_list":{"0":"post-13702","1":"product","2":"type-product","3":"status-publish","4":"has-post-thumbnail","6":"product_brand-inextremis-aventura-en","7":"product_cat-canyoning-sport","8":"product_cat-sport","9":"desktop-align-center","10":"tablet-align-left","11":"mobile-align-left","12":"ast-product-gallery-layout-horizontal","13":"ast-product-gallery-with-no-image","14":"ast-magnify-disabled","16":"first","17":"instock","18":"virtual","19":"sold-individually","20":"purchasable","21":"product-type-booking"},"acf":{"short_description_en_h2":"<h2>[wpcode id=\"12596\"]<\/h2>","description_de_la_sortie":"<h2>Description of the outputs<\/h2>\r\n<b>On the program: introduction to rope handling and the tumult of water in the Gorges du Gourg des Anelles and Mas Calsan (upper part). The French Catalan Pyrenees are full of waterways which, over the centuries, have carved narrow gorges in the orthogneiss massifs of Vallespir, thus forming superb adventure courses, including waterfalls, slides, jumps, leading directly into pools of bubbling water..<\/b>\r\n\r\nJean VILALLONGUE Canyon Instructor (French State Certificate), invites you to discover this natural paradise that he has been exploring for over 42 years, adapting the environment as much as possible to your technical and physical abilities. For this reason, during this whitewater day, it offers you pre-training in rope handling techniques and instruction in the motor driving to adopt in these high places of Canyoning.\r\n\r\n<em>Note: The practice of canyoning requires a minimum of physical and sporting condition. This activity, like all outdoor sports, is subject to the absence of medical contraindications.<\/em>.","materiel_fourni_pour_votre_descente":"<h3>Equipment provided for your descent<\/h3>\r\nReinforced canyon suit\r\nHarness with double lanyards and descender\r\nHelmet\r\nShoes (36 to 47)\r\nCarrying bag","affaires_personnelles_a_prevoir":"<h3>Personal matters to be planned<\/h3>\r\nSwimsuit\r\nSocks required\r\n1 pair of sports shoes if size &lt; 36 other &gt; 47\r\nHair elastic for girls\r\nWater bottle","le_plus_d\u2019inextremis_aventura":"<h3>The + of Inextremis Aventura<\/h3>\r\nSupervision by a French qualified canyon instructor with more than 30 years of professional experience being one of the pioneers of canyoning in the POs.\r\nA minibus shuttle is organized between the bottom and the top of the canyon, saving you the climb back up out of the canyon, which is very steep and difficult for your vehicles.\r\nFree provision of a waterproof camera for the entire group (subject to availability) \u2013 Free photo recovery for download.","video":"","niveau":"<div class=\"wpcbm-badge wpcbm-badge-10027 wpcbm-pid-696 wpcbm-badge-style-04 wpcbm-badge-group-0 hint--top\" aria-label=\"\">\r\n<div class=\"wpcbm-badge-inner\"><strong>Sport level - 14 years<\/strong><\/div>\r\n<\/div>\r\n<div class=\"wpcbm-badge wpcbm-badge-10067 wpcbm-pid-696 wpcbm-badge-style-04 wpcbm-badge-group-0 hint--bottom\" aria-label=\"\">\r\n<div class=\"wpcbm-badge-inner\"><strong>April\/June<\/strong><\/div>\r\n<\/div>","topographie":"","tarifs_de_la_sortie":"<h3>Package prices (accommodation and catering not included)<\/h3>\r\nAdult rate for 1 to 4 people : \u20ac100\/person\r\nAdult rate for 5 to 7 people: \u20ac95\/person\r\nAdult rate for 8 to 10 people: \u20ac90\/person\r\nRate for teenagers aged 12 to 14: \u20ac90\/person","infos_dates":"<h3>Other dates :<\/h3>\r\nWould you like a date other than those displayed for your canyoning outing?\r\nWould you like a date other than those displayed for your canyoning outing?\r\nDepartures are guaranteed from 4 people, if the minimum number is not reached we try to place you with a colleague where we will reimburse you the full amount you paid when booking.","image_seule":"","selectionner":"<span style=\"color: #ff0000;\"><strong>S\u00e9lectionner le nombre de place(s) total ci-dessus.<\/strong><\/span>","contact":"<a href=\"https:\/\/reservation.inextremis-aventura.fr\/nous-contacter\/\"><strong><img class=\"alignnone wp-image-8222\" src=\"https:\/\/www.inextremis-aventura.fr\/wp-content\/uploads\/2022\/12\/icone-mail.png\" alt=\"info@inextremis-aventura.com\" width=\"38\" height=\"25\" \/> Contact-us !<\/strong><\/a>","tel":"<strong><img class=\"alignnone wp-image-8218\" src=\"https:\/\/www.inextremis-aventura.fr\/wp-content\/uploads\/2022\/12\/icone-tel.png\" alt=\"+33980850565\" width=\"25\" height=\"25\" \/>09 80 85 05 65<\/strong>","portable":"<strong><img class=\"alignnone wp-image-8218\" src=\"https:\/\/www.inextremis-aventura.fr\/wp-content\/uploads\/2022\/12\/icone-tel.png\" alt=\"+33980850565\" width=\"25\" height=\"25\" \/>06 29 56 40 36<\/strong>","situation":"<strong><a href=\"https:\/\/goo.gl\/maps\/sMFNHoxDRmRGMJAB9\" target=\"_blank\" rel=\"noopener\"><img class=\"alignnone wp-image-8229\" title=\"Location &lt;br&gt;\" src=\"https:\/\/www.inextremis-aventura.fr\/wp-content\/uploads\/2022\/12\/icone-place.png\" alt=\"Location &lt;br&gt;\" width=\"22\" height=\"25\" \/> Location<\/a><\/strong>","image_topo":"","google_maps":{"address":"lidl reyn\u00e8s","lat":42.49459999999999837427822058089077472686767578125,"lng":2.72529999999999983373299983213655650615692138671875,"zoom":14,"place_id":"ChIJ5TDqVumguhIRGZnIC35XMSw","street_name":"La Cabanasse","city":"Reynes","state":"Occitanie","post_code":66400,"country":"France","country_short":"FR"},"informations_touristiques":"Informations touristiques","informations_touristiques_2":"","ouverture-fermeture":"","champs":"<strong>Dates in bold are scheduled releases.\r\nCrossed out dates, or non-clickable full releases.<\/strong>","lieu_de_rdv":"<h3>Metting place :<\/h3>","shema_evenement":"","tagmanager":"<!-- Google Tag Manager (noscript) --> <noscript><iframe src=\"https:\/\/www.googletagmanager.com\/ns.html?id=GTM-TXK7HFQX\" height=\"0\" width=\"0\" style=\"display:none;visibility:hidden\"><\/iframe><\/noscript> <!-- End Google Tag Manager (noscript) -->","bouton":""},"_links":{"self":[{"href":"https:\/\/reservation.inextremis-aventura.fr\/en\/wp-json\/wp\/v2\/product\/13702","targetHints":{"allow":["GET"]}}],"collection":[{"href":"https:\/\/reservation.inextremis-aventura.fr\/en\/wp-json\/wp\/v2\/product"}],"about":[{"href":"https:\/\/reservation.inextremis-aventura.fr\/en\/wp-json\/wp\/v2\/types\/product"}],"replies":[{"embeddable":true,"href":"https:\/\/reservation.inextremis-aventura.fr\/en\/wp-json\/wp\/v2\/comments?post=13702"}],"wp:featuredmedia":[{"embeddable":true,"href":"https:\/\/reservation.inextremis-aventura.fr\/en\/wp-json\/wp\/v2\/media\/12823"}],"wp:attachment":[{"href":"https:\/\/reservation.inextremis-aventura.fr\/en\/wp-json\/wp\/v2\/media?parent=13702"}],"wp:term":[{"taxonomy":"product_brand","embeddable":true,"href":"https:\/\/reservation.inextremis-aventura.fr\/en\/wp-json\/wp\/v2\/product_brand?post=13702"},{"taxonomy":"product_cat","embeddable":true,"href":"https:\/\/reservation.inextremis-aventura.fr\/en\/wp-json\/wp\/v2\/product_cat?post=13702"},{"taxonomy":"product_tag","embeddable":true,"href":"https:\/\/reservation.inextremis-aventura.fr\/en\/wp-json\/wp\/v2\/product_tag?post=13702"}],"curies":[{"name":"wp","href":"https:\/\/api.w.org\/{rel}","templated":true}]}}